{"id":1045,"date":"2012-03-16T10:03:33","date_gmt":"2012-03-16T09:03:33","guid":{"rendered":"http:\/\/www.no2do.com\/synopse\/?page_id=1045"},"modified":"2025-07-07T17:38:41","modified_gmt":"2025-07-07T15:38:41","slug":"zhen-der-donner","status":"publish","type":"page","link":"https:\/\/www.no2do.com\/synopse\/trigramme\/zhen-der-donner","title":{"rendered":"Zhen, der Donner"},"content":{"rendered":"\n<h2 class=\"wp-block-heading\">Wof&uuml;r steht <em>Zhen<\/em>?<\/h2>\n\n\n<div class=\"wp-block-image size-full wp-image-2773\">\n<figure class=\"alignleft\"><img loading=\"lazy\" decoding=\"async\" width=\"106\" height=\"75\" src=\"https:\/\/www.no2do.com\/synopse\/wp-content\/uploads\/2024\/09\/788.gif\" alt=\"788\" class=\"wp-image-2773\"><figcaption class=\"wp-element-caption\"><a href=\"https:\/\/www.no2do.com\/synopse\/glossar\/zhen-der-donner\" target=\"_self\" title=\"Moderne Deutung: Ent&shy;schei&shy;dungs&shy;f&auml;hig&shy;keit; Entschlossenheit, Enthusiasmus, Mut; Genauigkeit; Flexibilit&auml;t, St&auml;rke Zhen steht f&uuml;r unsere Entscheidungsf&auml;higkeit, f&uuml;r Entschlossenheit, Enthusiasmus, f&uuml;r Mut und Genauigkeit; auch Flexibilit&auml;t und St&auml;rke geh&ouml;ren zu Zhen. Wenn wir uns in der Natur umsehen, dann ist das Bewegungsmuster von Zhen das einer Knospe in ihre Schutzh&uuml;lle, die gerade im Aufbrechen begriffen ist: eine pl&ouml;tzliche,&hellip;\" class=\"encyclopedia\">Zhen, der Donner<\/a><\/figcaption><\/figure>\n<\/div>\n\n\n<p><em>Zhen<\/em> steht f&uuml;r eine Entscheidung, die tief aus unserem eigenen Inneren kommt. Vielleicht eine einsame Entscheidung, nach einer langen Phase des Nachdenkens und Abw&auml;gens. Vielleicht eine Entscheidung, die pl&ouml;tzlich und unvermutet im Raum stand, ohne dass wir sie so erwartet h&auml;tten.<strong> <\/strong>Aber sie ist da, und es ist eine Entscheidung, die unserem eigenen Wesen entspricht. Eine wichtige Entscheidung. Eine Entscheidung, die mit uns in Resonanz ist, von uns selbst und f&uuml;r uns selbst.<\/p>\n\n\n\n<h3 class=\"wp-block-heading\">Eine unumkehrbare Entschei<strong>dung<\/strong><\/h3>\n\n\n\n<p>In der <a href=\"https:\/\/www.no2do.com\/synopse\/glossar\/tcm\" target=\"_self\" title=\"Traditionelle Chinesische Medizin; entstand im 1. Jahrtausends v. Chr. und wird bis heute weltweit praktiziert. Therapeutischen Verfahren sind u. a.: Chinesische Arzneimitteltherapie, Akupunktur und Moxibustion. Weiterlesen: https:\/\/de.wikipedia.org\/wiki\/Traditionelle_chinesische_Medizin &nbsp;\" class=\"encyclopedia\">TCM<\/a> Literatur wird <em>Zhen<\/em> wie <em>das Aufbrechen einer Knospe im Fr&uuml;hling<\/em> beschrieben: Ein pl&ouml;tzliches, &uuml;berraschendes Geschehen. Eine Umw&auml;lzung. Als ob ein Schalter mutig und entschieden umgelegt worden w&auml;re. Etwas ist passiert und das, was da geschehen ist, ist nicht mehr umkehrbar. Es gibt kein Zur&uuml;ck. Die Bl&uuml;te kann unm&ouml;glich in die Knospenh&uuml;lle, ihre ehemalige Schutzh&uuml;lle, zur&uuml;ckkehren. Mit der Entscheidung, die wir in <em>Zhen<\/em> getroffen haben, wurde eine grunds&auml;tzliche Ver&auml;nderung vollzogen. Und damit ist der wichtigste Teil der Arbeit getan.<\/p>\n\n\n\n<h3 class=\"wp-block-heading\">Wachstum geschieht unsichtba<strong>r<\/strong><\/h3>\n\n\n\n<p>Wie geht aber nun weiter? Ich habe <em>Ja! <\/em>zu mir selbst gesagt und mich auf dem Weg zu mir gemacht. Was steht jetzt noch an, welche Schritte m&uuml;ssen folgen?<\/p>\n\n\n\n<p>Erinnern wir uns an dieser Stelle ans G&auml;rtnern: Wenn wir einen Samen in die Erde gepflanzt haben, die Stelle gegossen und den Pflanzk&uuml;bel an einen warmen, sonnigen Ort gestellt haben, sollten wir ihn ruhen lassen. Es w&auml;re &auml;u&szlig;erst kontraproduktiv, jeden Tag die Pflanzerde zu durchgraben, um den Samen zu kontrollieren, um zu sehen, ob er endlich keimt und anf&auml;ngt zu wachsen. Schlimmstenfalls zerst&ouml;ren wir mit unserer Ungeduld die Pflanzung.<\/p>\n\n\n\n<p>Dementsprechend ist es kl&uuml;ger, die Dinge ab hier vertrauensvoll geschehen zu lassen. Denn wir haben unsere Arbeit &ndash; den Samen zu pflanzen, die Entscheidung zu treffen &ndash; ja getan. Wenn wir uns das Zeichen <em>Zhen<\/em> genau ansehen, dann sehen wir auch, dass der <a href=\"https:\/\/www.no2do.com\/synopse\/glossar\/yang\" target=\"_self\" title=\"Yang stand anfangs f&uuml;r die w&auml;rmere S&uuml;dseite des Berges, f&uuml;r ein sonniges Flussufer, sp&auml;ter auch f&uuml;r den Berg als Ganzes. Sp&auml;ter bezeichnete Yang alles Lichte und Helle einschlie&szlig;lich Tag, Sommer und Sonne. Entsprechend wurde Trockenes, Luft (Wind) und Feuer Yang zugeordnet, ebenso zunehmend warme Fr&uuml;hlingstage, das Aufbl&uuml;hen und der Belebung der Natur in der warmen&hellip;\" class=\"encyclopedia\">Yang<\/a>-Linie an der Wurzel (unterste Linie des Zeichens) zwei <a href=\"https:\/\/www.no2do.com\/synopse\/glossar\/yin\" target=\"_self\" title=\"Yin bezeichnete urspr&uuml;nglich die k&auml;ltere Nordseite eines Berges und das beschattete Flussufer bzw. die dunklere, k&uuml;hlere S&uuml;dseite eines Tales. Sp&auml;ter verband man mit Yin die Vorstellung von Tagen mit k&uuml;hlem Wetter und bedecktem Himmel, mit Schatten und allem Dunklen, mit K&uuml;hle und Feuchte, Wasser und Erde, Nacht und Winter. Yin entsprechen die winterlichen Qualit&auml;ten, das&hellip;\" class=\"encyclopedia\">Yin<\/a>-Linien folgen, die auf Empf&auml;nglichkeit verweisen, auf das vertrauensvolle geschehen-lassen.<\/p>\n\n\n\n<p>Diese Geduld aufzubringen, ist manchmal schwer, zweifellos. Oft ist es sogar eine regelrechte Pr&uuml;fung. Was uns helfen kann, ist, uns die Klarheit unserer eigenen Entscheidung zu vergegenw&auml;rtigen. Und uns in ihr zu verankern.<\/p>\n\n\n\n<p>In den Klassikern der Traditionellen Chinesischen Medizin wird <em>Zhen<\/em> mit dem <a href=\"https:\/\/www.no2do.com\/synopse\/glossar\/funktionskreis\" target=\"_self\" title=\"Meridian, Leitbahn oder Kanal, durch den nach Auffassung der traditionellen chinesischen Medizin (TCM) die Lebensenergie (Qi) flie&szlig;t. Es gibt zw&ouml;lf Hauptleitbahnen, die jeweils einem Organsystem zugeordnet sind. Auf den Meridianen selbst gibt es wiederum spezielle Punkte &uuml;ber die - z. B. durch Nadeln (Akupunktur) oder Fingerdruck (Akupressur) - Einflu&szlig; auf den Energiehaushalt genommen werden kann.&hellip;\" class=\"encyclopedia\">Funktionskreis<\/a> <a href=\"https:\/\/www.no2do.com\/synopse\/glossar\/gallenblase\" target=\"_self\" title=\"In no2DO ist das Trigramm Zhen (Zhen, der Donner) mit dem Funktionskreis Gallenblase (Gb) assoziiert, der f&uuml;r Urteilskraft und Entscheidungsverm&ouml;gen steht, f&uuml;r zielgerichteten Aufbruch und zielstrebiges Voranschreiten, egal wie die Umst&auml;nde gerade sind. Weiterlesen: Zitate zum Funktionskreis Gallenblase (Gallenblasenmeridian) Weiterlesen: Trigramme, Elemente, Meridiane\" class=\"encyclopedia\">Gallenblase (Gb)<\/a> assoziiert (siehe <em><a href=\"https:\/\/www.no2do.com\/synopse\/glossar\/reihenfolge-des-spaeteren-himmels\" target=\"_self\" title='Die \"Reihenfolge des sp&auml;teren Himmels\" bzw. \"Innerweltliche Ordnung nach K&ouml;nig Wen\" ist eine der vielen M&ouml;glichkeiten, die Trigramme Naturph&auml;nomenen, den Jahreszeiten, Charaktereigenschaften, Familienbeziehungen, geographischen Richtungen usw. zuzuordnen. Weiterlesen: https:\/\/en.wikipedia.org\/wiki\/Bagua#King_Wen_%22Later_Heaven%22 Bei meinen eigenen Recherchen zum I Ging ist mir allerdings aufgefallen, dass dieses System nicht vollst&auml;ndig kompatibel mit der F&uuml;nf-Elemente-Lehre ist, denn die Innerweltliche Ordnung ber&uuml;cksichtigt&hellip;' class=\"encyclopedia\">Reihenfolge des sp&auml;teren Himmels<\/a><\/em>). Entsprechenden Zitate sind hier zu finden: <a href=\"https:\/\/www.no2do.com\/synopse\/archives\/699#gallenblase\" data-type=\"URL\" data-id=\"https:\/\/www.no2do.com\/synopse\/archives\/699#gallenblase\">Wandlungsphase Holz: Gallenblase<\/a><\/p>\n\n\n\n<h3 class=\"wp-block-heading\">Dem Weg der Wandlungen folgen: <\/h3>\n\n\n\n<p>Im <a href=\"https:\/\/www.no2do.com\/synopse\/glossar\/modell\" target=\"_self\" title=\"Ein Modell ist eine Nachbildung der Wirklichkeit, nicht aber die Wirklichkeit selbst. Im Modell werden komplexen Zusammenh&auml;ngen vereinfacht und aufs Wesentliches reduziert dargestellt. Auf diese Weise lassen sich Aspekte der Wirklichkeit klarer fassen und besser verstehen als in der Realit&auml;t selbst. Modelle sind ein wichtiges Werkzeug, um komplexe Zusammenh&auml;nge zu verstehen. Mit einem Modell l&auml;sst&hellip;\" class=\"encyclopedia\">Modell<\/a> <a href=\"https:\/\/www.no2do.com\/synopse\/archives\/6259\">Dem Weg der Wandlungen folgen<\/a> geh&ouml;rt <em>Zhen<\/em> zu den dynamischen <a href=\"https:\/\/www.no2do.com\/synopse\/glossar\/wegmarke\" target=\"_self\" title=\"Das Modell Dem Weg der Wandlungen folgen unterteilt die einzelnen Trigramme entsprechend ihrer qualitativen Dynamik. An den Wegmarken (Zhen, der Donner, Gen, der Berg, Sun, der Wind \/ Baum, Dui, der See) ist die Bewegung dynamisch, die Richtung ist eindeutig, das Momentum nimmt im Sinne einer positiven Ersch&uuml;tterung zu. Bei den Wegmarken Dui und Gen&hellip;\" class=\"encyclopedia\">Wegmarke<\/a>n. Bei <em>Zhen<\/em> nimmt die Bewegung nun eine klare, entschiedene Richtung an und gibt dem, was aus unserem Inneren kommt, vertrauensvoll Raum zum Wachstum.<\/p>\n\n\n\n<p>Fragen im Sinne einer Selbsterkundung k&ouml;nnten folgenderma&szlig;en lauten:<\/p>\n\n\n\n<ul class=\"wp-block-list\">\n<li>Sp&uuml;re ich, dass da etwas in Bewegung kommt, aus mir selbst heraus? Was ist es, wie f&uuml;hlt sich diese Bewegung an? Wie w&uuml;rde ich es beschreiben?<\/li>\n\n\n\n<li>Kann ich sp&uuml;ren, in welche Richtung sich das Ganze bewegt? Habe ich eine Ahnung wo die Reise hingeht?<\/li>\n\n\n\n<li>Wie w&uuml;rde ich beschreiben, was vorher war, vor der neuen Bewegung? Wo komme ich her? Was lasse ich zur&uuml;ck?<\/li>\n\n\n\n<li>Wie f&uuml;hlt sich das an, wo ich hinwill?<\/li>\n<\/ul>\n\n\n\n<h3 class=\"wp-block-heading\">Woraus entwickelt sich <em>Zhen<\/em>?<\/h3>\n\n\n<div class=\"wp-block-image\">\n<figure class=\"alignright\"><img decoding=\"async\" src=\"https:\/\/www.no2do.com\/synopse\/wp-content\/uploads\/2024\/09\/zhen_entwicklung.png\" alt=\"\" class=\"wp-image-1044\" title=\"Entwicklung von Zhen\"><\/figure>\n<\/div>\n\n\n<p>Innerhalb eines <a href=\"https:\/\/www.no2do.com\/synopse\/glossar\/hexagramm\" target=\"_self\" title=\"Ein Hexagramm setzt sich aus jeweils zwei Trigrammen zusammen, wobei die Bewegung, &auml;hnlich dem Wachstum einer Pflanze, von unten nach oben verl&auml;uft: das Hexagramm wird von unten her aufgebaut (z. B. bei der Divination\/beim Orakel) und sp&auml;ter auch entsprechend gelesen. Weiterlesen: Aufbau eines Hexagramms Weiterlesen: &Uuml;bersichtsseite Hexagramme\" class=\"encyclopedia\">Hexagramm<\/a>s entwickelt sich <em>Zhen<\/em> entweder aus <em>Kan<\/em> oder aus <em>Dui<\/em> (Ausnahme: das Hexagramm beginnt mit <em>Zhen<\/em> \/ <em>Zhen<\/em> ist unteres <a href=\"https:\/\/www.no2do.com\/synopse\/glossar\/trigramm\" target=\"_self\" title=\"Die 8 Trigramme bilden die Grundlage des I Ging. Sie setzen sich aus jeweils drei durchgezogenen (Yang) bzw. durchbrochenen (Yin) Linien. Zwei Trigramme bilden ein Hexagramm, also ein Zeichen des I Ging. Die farbigen Trigramme sind mit den jeweiligen Kapiteln im I Ging Kurs verlinkt und werden dort ausf&uuml;hrlich erkl&auml;rt. Chinesischer Name Traditionelles Bild Traditionelle&hellip;\" class=\"encyclopedia\">Trigramm<\/a>). Dunkle Pfeile deuten an, dass oben eine (durchbrochene) Yin-Linie hinzugef&uuml;gt wird, die f&uuml;r sich allein genommen Empf&auml;nglichkeit symbolisiert. Die klare Entscheidung, die in <em>Zhen<\/em> sichtbar wird, entsteht aus einem Prozess der inneren bzw. &auml;u&szlig;eren &Ouml;ffnung heraus.<\/p>\n\n\n\n<h4 class=\"wp-block-heading\"><em>Zhen<\/em> entwickelt sich aus <em>Dui<\/em>, dem See<\/h4>\n\n\n\n<p><em><a href=\"https:\/\/www.no2do.com\/synopse\/glossar\/dui-der-see\" target=\"_self\" title=\"Moderne Deutung: &Ouml;ffnung, Ber&uuml;hrung, Zulassen; Demut; verbunden sein, inspiriert sein; Individuation; Rhythmus Dui l&auml;sst uns die Grenzen unseres Selbst auf zweierlei Weise &uuml;berschreiten. Zum einen, indem wir uns dem Au&szlig;en, unserer Umwelt &ouml;ffnen, uns inspirieren lassen und schlie&szlig;lich das, was uns auf diese Weise begegnet, annehmen und integrieren. Zum anderen indem wir unser Inneres nach&hellip;\" class=\"encyclopedia\">Dui, der See<\/a><\/em>, bedeutet, sich dem Au&szlig;en zu &ouml;ffnen, Neues hereinzulassen sich von der Welt ber&uuml;hren zu lassen. Das bleibt dies nicht ohne Folgen: ein Keim wird gelegt, etwas in uns beginnt in Resonanz mit der Umwelt zu schwingen. Diese Resonanz verdichtet sich, wird zur Antwort, zur Entscheidung \/<em>Zhen<\/em>) und schlie&szlig;lich in entschlossener Handlung f&uuml;r alle sichtbar.<\/p>\n\n\n\n<p>Beispiele f&uuml;r Hexagramme, bei denen sich&nbsp;<em>Zhen<\/em> aus&nbsp;<em>Dui<\/em> entwickelt, finden Sie <a title=\"Zhen entwickelt sich aus Dui\" href=\"https:\/\/www.no2do.com\/synopse\/archives\/tag\/dui-zhen\">&rarr; hier<\/a>.<\/p>\n\n\n\n<h4 class=\"wp-block-heading\"><em>Zhen<\/em> entwickelt sich aus <em>Kan<\/em>, dem Wasser<\/h4>\n\n\n\n<p>Wenn wir auf unser eigenes Bauchgef&uuml;hl (<em><a href=\"https:\/\/www.no2do.com\/synopse\/glossar\/kan-das-wasser\" target=\"_self\" title=\"Moderne Deutung: Urvertrauen; Intuition; anzestrale Energie Kan steht f&uuml;r unser Urvertrauen und unsere unbewussten Ressourcen. Dieser Urgrund ist ein Destillat eigener &ndash; und manchmal fremder &ndash; Erfahrungen und Informationen, die meist jenseits unseres Tagesbewusstseins liegen. Aus Kan dringen Impulse und Inspirationen zu uns, die uns zu Entscheidungen f&uuml;hren und Handlungen initiieren k&ouml;nnen. Folgen wir diesem&hellip;\" class=\"encyclopedia\">Kan, das Wasser<\/a><\/em>) vertrauen, f&uuml;r die Impulse empf&auml;nglich sind, die aus diesem Urgrund zu uns dringen, entsteht der Urkeim einer neuen Handlung, der erste Schritt in eine neue Richtung.<\/p>\n\n\n\n<p>Beispiele f&uuml;r Hexagramme, bei denen sich <em>Zhen<\/em> aus&nbsp;<em>Kan<\/em> heraus entwickelt, finden Sie <a title=\"Zhen entwickelt sich aus Kan\" href=\"https:\/\/www.no2do.com\/synopse\/archives\/tag\/kan-zhen_de\">&rarr; hier<\/a>.<\/p>\n\n\n\n<p>&hellip; &uuml;brigens: <em>Thunder<\/em> [=Zhen, der Donner] <em>only happens when its raining<\/em> [Kan, das Wasser]&hellip; singt Stevie Nicks in <a rel=\"noopener noreferrer\" href=\"https:\/\/www.youtube.com\/watch?v=mrZRURcb1cM\" target=\"_blank\"><em>Dreams<\/em><\/a>&hellip;.<\/p>\n\n\n\n<h3 class=\"wp-block-heading\">Wohin entwickelt sich <em>Zhen<\/em>?<\/h3>\n\n\n<div class=\"wp-block-image\">\n<figure class=\"alignright\"><img loading=\"lazy\" decoding=\"async\" width=\"145\" height=\"150\" src=\"https:\/\/www.no2do.com\/synopse\/wp-content\/uploads\/2011\/08\/zhen_entwicklung-145x150.png\" alt=\"\" class=\"wp-image-1066\" title=\"Entwicklung von Zhen\"><\/figure>\n<\/div>\n\n\n<p>Innerhalb eines Trigramms entwickelt sich <em>Zhen<\/em> entweder zu <em>Kun<\/em> oder zu <em>Gen<\/em> (Ausnahme: das Hexagramm endet mit <em>Zhen<\/em> \/ <em>Zhen<\/em> ist oberes Trigramm).<\/p>\n\n\n\n<h4 class=\"wp-block-heading\"><em>Zhen<\/em> entwickelt sich zu <em>Kun<\/em>, der Erde<\/h4>\n\n\n\n<p>Der dunkle Pfeil deutet an, dass oben eine (durchbrochene) Yin-Linie hinzugef&uuml;gt wird, die f&uuml;r sich allein genommen Empf&auml;nglichkeit symbolisiert. Die klare Entscheidung, die in Zhen sichtbar wird, f&auml;llt auf unstrukturiertes Potential (<em><a href=\"https:\/\/www.no2do.com\/synopse\/glossar\/kun-die-erde\" target=\"_self\" title=\"Moderne Deutung: Das, was hier und jetzt ist, annehmen; Frieden, Stabilit&auml;t, in sich ruhen, gest&uuml;tzt und gehalten sein; sich Dinge nutzbar machen; Bindungsf&auml;higkeit und Hingabe; Selbstwertgef&uuml;hl; Mitgef&uuml;hl Kun verweist auf unstrukturiertes Potential an sich, es umfasst also materielle und nicht-materielle M&ouml;glichkeiten. Damit steht Kun f&uuml;r eine unstrukturierte Quelle der Kraft, mit der wir uns verbinden&hellip;\" class=\"encyclopedia\">Kun, die Erde<\/a><\/em>): fruchtbaren Grund, aus dem alles erwachsen kann.<\/p>\n\n\n\n<p>Beispiele f&uuml;r Hexagramme, bei denen sich <em>Zhen<\/em> zu <em>Kun<\/em> entwickelt, finden Sie <a title=\"Zhen entwickelt sich zu Kun\" href=\"https:\/\/www.no2do.com\/synopse\/archives\/tag\/zhen-kun\">&rarr; hier<\/a>.<\/p>\n\n\n\n<h4 class=\"wp-block-heading\"><em>Zhen<\/em> entwickelt sich zu <em>Gen<\/em>, dem Berg<\/h4>\n\n\n\n<p>Der rote Pfeil deutet an, dass oben eine (durchgezogene) Yang-Linie hinzugef&uuml;gt wird. Yang steht f&uuml;r Tatkraft, f&uuml;r Aktivit&auml;t. Aus der anf&auml;nglichen Entscheidung (<em>Zhen<\/em>) entsteht Loslassen und Aufl&ouml;sen (<em><a href=\"https:\/\/www.no2do.com\/synopse\/glossar\/gen-der-berg\" target=\"_self\" title=\"Moderne Deutung: Loslassen; Trans&shy;formation; Harmonisierung Gen steht f&uuml;r unsere F&auml;higkeit Loszulassen. Indem wir das, was &uuml;berfl&uuml;ssig geworden ist, loslassen und uns auf das Wesentliche konzentrieren, b&uuml;ndeln wir unsere Kr&auml;fte und schaffen Raum f&uuml;r Neues. Loslassen harmonisiert und fokussiert unser Tun und f&uuml;hrt zu Neuausrichtung und Neuanfang. Gen l&auml;dt uns dazu ein, ehrlich zu pr&uuml;fen, was&hellip;\" class=\"encyclopedia\">Gen, der Berg<\/a><\/em>), das Alte wird transformiert. Dieses Transformation kann abrupt geschehen, sie vollzieht sich oft aber auch flie&szlig;end. Die alte Struktur existiert dann zun&auml;chst noch weiter und l&ouml;st sich erst im Lauf der Zeit langsam auf, w&auml;hrend die neue Struktur bereits w&auml;chst und dabei das Alte integriert.<\/p>\n\n\n\n<p>Beispiele f&uuml;r Hexagramme, bei denen sich Zhen zu Gen entwickelt, finden Sie <a title=\"Zhen entwickelt sich zu Gen\" href=\"https:\/\/www.no2do.com\/synopse\/archives\/tag\/zhen-gen\">&rarr; hier<\/a>.<\/p>\n\n\n\n<div class=\"wp-block-group ergaenzungen\"><div class=\"wp-block-group__inner-container is-layout-constrained wp-block-group-is-layout-constrained\">\n<h2 class=\"wp-block-heading\">Referenz<\/h2>\n\n\n\n<p>Wandlungsphase (Element): <a href=\"https:\/\/www.no2do.com\/synopse\/archives\/699\">Holz<\/a><br>Funktionskreis: <a href=\"https:\/\/www.no2do.com\/synopse\/archives\/699#gallenblase#gallenblase\">Gallenblase (Gb)<\/a><\/p>\n\n\n\n<h2 class=\"wp-block-heading\">Moderne Deutung<\/h2>\n\n\n\n<p>Ent&shy;schei&shy;dungs&shy;f&auml;hig&shy;keit; Entschlossenheit, Enthusiasmus, Mut; Genauigkeit; Flexibilit&auml;t, St&auml;rke<\/p>\n\n\n\n<h2 class=\"wp-block-heading\">Traditionelle Deutung<\/h2>\n\n\n\n<p>Erregend, ersch&uuml;tternd, aufbrechend, entschlossene Bewegung<br>Richtung: nach oben, au&szlig;en<br>Interpretation: &Ouml;ffnen zu neuer Tatkraft, Aufbrechen, das Wachsen beginnt.<\/p>\n\n\n\n<h2 class=\"wp-block-heading\">Weiterlesen<\/h2>\n\n\n\n<!-- Page-list plugin v.5.9 wordpress.org\/plugins\/page-list\/ -->\n<ul class=\"page-list \">\n<li class=\"page_item page-item-925\"><a href=\"https:\/\/www.no2do.com\/synopse\/i-ging-kurs-kursinhalt\">I Ging Kurs &ndash; Vorwort<\/a><\/li>\n<li class=\"page_item page-item-7179 page_item_has_children\"><a href=\"https:\/\/www.no2do.com\/synopse\/hintergruende\">THEORIE: Historisches, Begriffskl&auml;rung, Zielsetzung<\/a>\n<ul class=\"children\">\n\t<li class=\"page_item page-item-7150\"><a href=\"https:\/\/www.no2do.com\/synopse\/hintergruende\/von-den-orakelknochen-zum-yijing\">Von den Orakelknochen zum I Ging: Historisches<\/a><\/li>\n\t<li class=\"page_item page-item-7186\"><a href=\"https:\/\/www.no2do.com\/synopse\/hintergruende\/orakelsystem-kosmologie\">I Ging: Orakelsystem oder Kosmologie?<\/a><\/li>\n\t<li class=\"page_item page-item-7314\"><a href=\"https:\/\/www.no2do.com\/synopse\/hintergruende\/i-ging-alles-zufall\">I Ging: Alles Zufall?<\/a><\/li>\n\t<li class=\"page_item page-item-7351\"><a href=\"https:\/\/www.no2do.com\/synopse\/hintergruende\/i-ging-unverstaendliche-antworten\">I Ging: Die unverst&auml;ndlichen Antworten des Textus receptus<\/a><\/li>\n\t<li class=\"page_item page-item-7479\"><a href=\"https:\/\/www.no2do.com\/synopse\/hintergruende\/ein-alternativer-deutungstext\">I Ging: Ein alternativer Deutungstext, der die Vielfalt begr&uuml;&szlig;t<\/a><\/li>\n<\/ul>\n<\/li>\n<li class=\"page_item page-item-817\"><a href=\"https:\/\/www.no2do.com\/synopse\/das-i-ging-befragen\">PRAXIS: Das I Ging befragen<\/a><\/li>\n<li class=\"page_item page-item-819\"><a href=\"https:\/\/www.no2do.com\/synopse\/aufbau-eines-hexagramms\">Aufbau eines Hexagramms<\/a><\/li>\n<li class=\"page_item page-item-821 page_item_has_children\"><a href=\"https:\/\/www.no2do.com\/synopse\/trigramme\">Bedeutung der Trigramme<\/a>\n<ul class=\"children\">\n\t<li class=\"page_item page-item-1693\"><a href=\"https:\/\/www.no2do.com\/synopse\/trigramme\/kun-die-erde\">Kun, die Erde<\/a><\/li>\n\t<li class=\"page_item page-item-1679\"><a href=\"https:\/\/www.no2do.com\/synopse\/trigramme\/dui-der-see\">Dui, der See<\/a><\/li>\n\t<li class=\"page_item page-item-823\"><a href=\"https:\/\/www.no2do.com\/synopse\/trigramme\/li-das-feuer\">Li, das Feuer<\/a><\/li>\n\t<li class=\"page_item page-item-1688\"><a href=\"https:\/\/www.no2do.com\/synopse\/trigramme\/sun-der-wind-baum\">Sun, der Wind \/ Baum<\/a><\/li>\n\t<li class=\"page_item page-item-1694\"><a href=\"https:\/\/www.no2do.com\/synopse\/trigramme\/qian-der-himmel\">Qian, der Himmel<\/a><\/li>\n\t<li class=\"page_item page-item-1045\"><a href=\"https:\/\/www.no2do.com\/synopse\/trigramme\/zhen-der-donner\">Zhen, der Donner<\/a><\/li>\n\t<li class=\"page_item page-item-825\"><a href=\"https:\/\/www.no2do.com\/synopse\/trigramme\/kan-das-wasser\">Kan, das Wasser<\/a><\/li>\n\t<li class=\"page_item page-item-1671\"><a href=\"https:\/\/www.no2do.com\/synopse\/trigramme\/gen-der-berg\">Gen, der Berg<\/a><\/li>\n<\/ul>\n<\/li>\n<li class=\"page_item page-item-7669\"><a href=\"https:\/\/www.no2do.com\/synopse\/faqs-und-tipps\">H&auml;ufig gestellte Fragen und Anwendungstipps<\/a><\/li>\n\n<\/ul>\n<\/div><\/div>\n","protected":false},"excerpt":{"rendered":"<p>Wof\u00fcr steht Zhen? Zhen steht f\u00fcr eine Entscheidung, die tief aus unserem eigenen Inneren kommt. Vielleicht eine einsame Entscheidung, nach einer langen Phase des Nachdenkens und Abw\u00e4gens. Vielleicht eine Entscheidung, die pl\u00f6tzlich und unvermutet im Raum stand, ohne dass wir sie so erwartet h\u00e4tten. Aber sie ist da, und es ist eine Entscheidung, die unserem&hellip; <a class=\"continue\" href=\"https:\/\/www.no2do.com\/synopse\/trigramme\/zhen-der-donner\">Weiterlesen:<span> Zhen, der Donner<\/span><\/a><\/p>\n","protected":false},"author":6,"featured_media":0,"parent":821,"menu_order":16,"comment_status":"closed","ping_status":"closed","template":"","meta":{"_coblocks_attr":"","_coblocks_dimensions":"","_coblocks_responsive_height":"","_coblocks_accordion_ie_support":"","footnotes":""},"class_list":["post-1045","page","type-page","status-publish","hentry"],"_links":{"self":[{"href":"https:\/\/www.no2do.com\/synopse\/wp-json\/wp\/v2\/pages\/1045","targetHints":{"allow":["GET"]}}],"collection":[{"href":"https:\/\/www.no2do.com\/synopse\/wp-json\/wp\/v2\/pages"}],"about":[{"href":"https:\/\/www.no2do.com\/synopse\/wp-json\/wp\/v2\/types\/page"}],"author":[{"embeddable":true,"href":"https:\/\/www.no2do.com\/synopse\/wp-json\/wp\/v2\/users\/6"}],"replies":[{"embeddable":true,"href":"https:\/\/www.no2do.com\/synopse\/wp-json\/wp\/v2\/comments?post=1045"}],"version-history":[{"count":2,"href":"https:\/\/www.no2do.com\/synopse\/wp-json\/wp\/v2\/pages\/1045\/revisions"}],"predecessor-version":[{"id":10669,"href":"https:\/\/www.no2do.com\/synopse\/wp-json\/wp\/v2\/pages\/1045\/revisions\/10669"}],"up":[{"embeddable":true,"href":"https:\/\/www.no2do.com\/synopse\/wp-json\/wp\/v2\/pages\/821"}],"wp:attachment":[{"href":"https:\/\/www.no2do.com\/synopse\/wp-json\/wp\/v2\/media?parent=1045"}],"curies":[{"name":"wp","href":"https:\/\/api.w.org\/{rel}","templated":true}]}}