{"id":1693,"date":"2012-03-16T17:34:56","date_gmt":"2012-03-16T16:34:56","guid":{"rendered":"http:\/\/www.no2do.com\/synopse\/?page_id=1693"},"modified":"2025-07-07T17:38:10","modified_gmt":"2025-07-07T15:38:10","slug":"kun-die-erde","status":"publish","type":"page","link":"https:\/\/www.no2do.com\/synopse\/trigramme\/kun-die-erde","title":{"rendered":"Kun, die Erde"},"content":{"rendered":"\n<h2 class=\"wp-block-heading\">Wof&uuml;r steht <em>Kun<\/em>?<\/h2>\n\n\n<div class=\"wp-block-image size-full wp-image-2817\">\n<figure class=\"alignleft\"><img loading=\"lazy\" decoding=\"async\" width=\"106\" height=\"75\" src=\"https:\/\/www.no2do.com\/synopse\/wp-content\/uploads\/2024\/09\/888.gif\" alt=\"888\" class=\"wp-image-2817\"><figcaption class=\"wp-element-caption\"><a href=\"https:\/\/www.no2do.com\/synopse\/glossar\/kun-die-erde\" target=\"_self\" title=\"Moderne Deutung: Das, was hier und jetzt ist, annehmen; Frieden, Stabilit&auml;t, in sich ruhen, gest&uuml;tzt und gehalten sein; sich Dinge nutzbar machen; Bindungsf&auml;higkeit und Hingabe; Selbstwertgef&uuml;hl; Mitgef&uuml;hl Kun verweist auf unstrukturiertes Potential an sich, es umfasst also materielle und nicht-materielle M&ouml;glichkeiten. Damit steht Kun f&uuml;r eine unstrukturierte Quelle der Kraft, mit der wir uns verbinden&hellip;\" class=\"encyclopedia\">Kun, die Erde<\/a><\/figcaption><\/figure>\n<\/div>\n\n\n<p>Um <em>Kun<\/em> zu beschreiben k&ouml;nnte man das folgende Bild w&auml;hlen: Ackerboden, in dem ein S&auml;mling w&auml;chst. In diesem Bild repr&auml;sentiert Ackerboden unstrukturierte Materie; der S&auml;mling findet im Ackerboden alles, was er zum Wachstum braucht; und abgestorbene Pflanzenteile verwesen wiederum zu Ackerboden.<\/p>\n\n\n\n<p><em>Kun<\/em> geht in seiner Bedeutung jedoch &uuml;ber unstrukturierte Materie (wie den Ackerboden) hinaus:&nbsp;<em>Kun<\/em> ist unstrukturiertes Potential an sich, es umfasst also materielle und nicht-materielle M&ouml;glichkeiten. Damit steht <em>Kun<\/em> f&uuml;r eine unstrukturierte Quelle der Kraft, mit der wir uns verbinden k&ouml;nnen. Als w&auml;ren wir eine Welle, die tief in den Ozean zur&uuml;ckrollt, an ihren Ursprung, um uns dort zu konzentrieren und neue Kraft zu sch&ouml;pfen&hellip;<\/p>\n\n\n\n<h3 class=\"wp-block-heading\">Ruhig werden und die Impulse aus unserem Inneren sp&uuml;ren<\/h3>\n\n\n\n<p>&hellip; um dann, wenn wir ganz aufgeladen und voller Kraft sind, die Impulse wirken zu lassen, die aus unserem Inneren aufsteigen. Impulse, die erst dann f&uuml;r uns sp&uuml;rbar werden, wenn wir ganz ruhig geworden sind, wenn wir ganz bei uns selbst angekommen sind. <\/p>\n\n\n\n<p>Diese Impulse aus unserem Inneren &auml;hneln dabei dem Wachstumsimpuls des S&auml;mlings: Dieser tr&auml;gt n&auml;mlich bereits als ungekeimter Same ein Bild in sich angelegt, das Bild der vollst&auml;ndig ausgewachsenen Pflanze. Und dies &ndash; ein Bild in sich zu tragen &ndash; wiederum bedeutet, dass das Keimen des S&auml;mlings nicht ins Ungewisse hinein geschieht. Sondern es folgt einem vorgezeichneten Weg. Einem Weg, der sich beim Gehen erschlie&szlig;t und den Umgebungsbedingungen anpasst, Schritt f&uuml;r Schritt, Tag f&uuml;r Tag, Jahr um Jahr.<\/p>\n\n\n\n<p>Auch wir tragen ein derartiges Bild in uns &ndash; das wir im Alltagstrubel aber leider nur allzuleicht aus dem Blick verlieren. Doch der Kontakt zu unserem inneren Bild, zu den Impulsen aus dem eigen Inneren, ist wichtig: Sie geben uns Orientierung. Sie weisen uns den Weg. Den Weg, zum Ziel, zu unserem Ziel.<\/p>\n\n\n\n<p>Entsprechend der <em><a href=\"https:\/\/www.no2do.com\/synopse\/glossar\/reihenfolge-des-spaeteren-himmels\" target=\"_self\" title='Die \"Reihenfolge des sp&auml;teren Himmels\" bzw. \"Innerweltliche Ordnung nach K&ouml;nig Wen\" ist eine der vielen M&ouml;glichkeiten, die Trigramme Naturph&auml;nomenen, den Jahreszeiten, Charaktereigenschaften, Familienbeziehungen, geographischen Richtungen usw. zuzuordnen. Weiterlesen: https:\/\/en.wikipedia.org\/wiki\/Bagua#King_Wen_%22Later_Heaven%22 Bei meinen eigenen Recherchen zum I Ging ist mir allerdings aufgefallen, dass dieses System nicht vollst&auml;ndig kompatibel mit der F&uuml;nf-Elemente-Lehre ist, denn die Innerweltliche Ordnung ber&uuml;cksichtigt&hellip;' class=\"encyclopedia\">Reihenfolge des sp&auml;teren Himmels<\/a><\/em> ist <em>Kun<\/em> mit den <a href=\"https:\/\/www.no2do.com\/synopse\/glossar\/funktionskreis\" target=\"_self\" title=\"Meridian, Leitbahn oder Kanal, durch den nach Auffassung der traditionellen chinesischen Medizin (TCM) die Lebensenergie (Qi) flie&szlig;t. Es gibt zw&ouml;lf Hauptleitbahnen, die jeweils einem Organsystem zugeordnet sind. Auf den Meridianen selbst gibt es wiederum spezielle Punkte &uuml;ber die - z. B. durch Nadeln (Akupunktur) oder Fingerdruck (Akupressur) - Einflu&szlig; auf den Energiehaushalt genommen werden kann.&hellip;\" class=\"encyclopedia\">Funktionskreis<\/a>en Magen \/ <a href=\"https:\/\/www.no2do.com\/synopse\/glossar\/milz-pankreas\" target=\"_self\" title=\"In no2DO ist das Trigramm Kun (Kun, die Erde) mit dem Funktionskreis Milz-Pankreas (MP) assoziiert, bei dem es darum geht, sich das, was von au&szlig;en kommt, Fremdeinfl&uuml;sse und Nahrung, zu eigen zu machen, es sich einzuverleiben. K&ouml;rperfremdes wird dabei in k&ouml;rpereigenes Substrat umgewandelt, verteilt und gespeichert. Wenn unsere Speicher gef&uuml;llt sind und die Nahrungsverteilung gesichert&hellip;\" class=\"encyclopedia\">Milz-Pankreas (MP)<\/a> assoziiert. Die Analogie zum unstrukturiertem Potential von <em>Kun<\/em> erschlie&szlig;t sich, wenn man bedenkt, dass unsere Verdauungsprozesse &auml;hnlichen Prinzipien wie die Umwandlungsprozesse im Ackerboden folgen.<br>Die entsprechenden Zitate sind hier zu finden: <a href=\"https:\/\/www.no2do.com\/synopse\/archives\/400#meridian\">Wandlungsphase Erde:  Magen \/ Milz-Pankreas<\/a><\/p>\n\n\n\n<h3 class=\"wp-block-heading\">Dem Weg der Wandlungen folgen: Sp&uuml;ren und Vertrauen<\/h3>\n\n\n\n<p><em>Kun<\/em> ist einer der <a href=\"https:\/\/www.no2do.com\/synopse\/glossar\/ruhepunkt\" target=\"_self\" title=\"Das Modell Dem Weg der Wandlungen folgen unterteilt die einzelnen Trigramme entsprechend ihrer qualitativen Dynamik. An den beiden Ruhepunkten Qian, der Himmel (reines Yang) und Kun, die Erde (reines Yin) scheint die Bewegung f&uuml;r einen Moment still zu stehen. Die beiden Ruhepunkte bestehen aus jeweils identischen Linien, also ausschlie&szlig;lich aus Yang-Linien (Qian) bzw. Yin-Linien (Kun).&hellip;\" class=\"encyclopedia\">Ruhepunkt<\/a>e im <a href=\"https:\/\/www.no2do.com\/synopse\/glossar\/modell\" target=\"_self\" title=\"Ein Modell ist eine Nachbildung der Wirklichkeit, nicht aber die Wirklichkeit selbst. Im Modell werden komplexen Zusammenh&auml;ngen vereinfacht und aufs Wesentliches reduziert dargestellt. Auf diese Weise lassen sich Aspekte der Wirklichkeit klarer fassen und besser verstehen als in der Realit&auml;t selbst. Modelle sind ein wichtiges Werkzeug, um komplexe Zusammenh&auml;nge zu verstehen. Mit einem Modell l&auml;sst&hellip;\" class=\"encyclopedia\">Modell<\/a> <a href=\"https:\/\/www.no2do.com\/synopse\/archives\/6259\">Dem Weg der Wandlungen folgen<\/a>. Idealerweise sind wir jetzt und hier ganz bei uns selbst angekommen, haben in uns selbst Frieden gefunden. Und wir haben sowohl bewusste wie auch (ehemals) verdr&auml;ngte Anteile bestm&ouml;glich integriert, sodass wir heute aus ihnen sch&ouml;pfen k&ouml;nnen.<\/p>\n\n\n\n<p>Im Sinne einer Selbsterkundung geht es bei <em>Kun<\/em> folglich um unser Selbstverh&auml;ltnis, um unsere Begegnung mit uns selbst. Dies umfasst einerseits das Hineinsp&uuml;ren und Erforschen, wer wir wirklich (!) sind, andererseits das Vertrauen in den Lauf der Dinge. <\/p>\n\n\n\n<p>Fragen, die man in diesem Sinne stellen k&ouml;nnte, umfassen beispielsweise:<\/p>\n\n\n\n<ul class=\"wp-block-list\">\n<li>Wie geht es mir &ndash; wie f&uuml;hle ich mich mit mir selbst?<\/li>\n\n\n\n<li>Stehe ich zu bzw. hinter mir selbst? Kann ich mich in meinem So-Sein annehmen und mich auf mich selbst einlassen?<\/li>\n\n\n\n<li>Bin ich im Frieden mit mir selbst? Kann ich auch die Teile von mir akzeptieren, die mir, oberfl&auml;chlich betrachtet, an mir selbst weniger sympathisch sind?<\/li>\n\n\n\n<li>Was erwarte ich, wenn ich einmal nichts tue &ndash; nicht kontrolliere, nichts initiiere, nicht eingreife -, sondern tats&auml;chlich: die Dinge einfach nur geschehen lasse? Was sp&uuml;re ich, wenn ich mir das vorstelle? Dass ich geborgen bin und alles gut gehen wird? Oder dass mein Unt&auml;tig-Sein Gefahr birgt?<\/li>\n<\/ul>\n\n\n\n<h3 class=\"wp-block-heading\">Woraus entwickelt sich <em>Kun<\/em>?<\/h3>\n\n\n<div class=\"wp-block-image\">\n<figure class=\"alignright\"><img loading=\"lazy\" decoding=\"async\" width=\"320\" height=\"172\" src=\"https:\/\/www.no2do.com\/synopse\/wp-content\/uploads\/2024\/09\/kun_entwicklung.png\" alt=\"kun_entwicklung\" class=\"wp-image-2907\" srcset=\"https:\/\/www.no2do.com\/synopse\/wp-content\/uploads\/2024\/09\/kun_entwicklung.png 320w, https:\/\/www.no2do.com\/synopse\/wp-content\/uploads\/2024\/09\/kun_entwicklung-300x161.png 300w, https:\/\/www.no2do.com\/synopse\/wp-content\/uploads\/2024\/09\/kun_entwicklung-150x81.png 150w\" sizes=\"auto, (max-width: 320px) 85vw, 320px\"><\/figure>\n<\/div>\n\n\n<p>Bei den Wandlungen innerhalb eines <a href=\"https:\/\/www.no2do.com\/synopse\/glossar\/hexagramm\" target=\"_self\" title=\"Ein Hexagramm setzt sich aus jeweils zwei Trigrammen zusammen, wobei die Bewegung, &auml;hnlich dem Wachstum einer Pflanze, von unten nach oben verl&auml;uft: das Hexagramm wird von unten her aufgebaut (z. B. bei der Divination\/beim Orakel) und sp&auml;ter auch entsprechend gelesen. Weiterlesen: Aufbau eines Hexagramms Weiterlesen: &Uuml;bersichtsseite Hexagramme\" class=\"encyclopedia\">Hexagramm<\/a>s bildet&nbsp;<em>Kun<\/em> insofern eine Ausnahme, als es nur aus einem einzigen <a href=\"https:\/\/www.no2do.com\/synopse\/glossar\/trigramm\" target=\"_self\" title=\"Die 8 Trigramme bilden die Grundlage des I Ging. Sie setzen sich aus jeweils drei durchgezogenen (Yang) bzw. durchbrochenen (Yin) Linien. Zwei Trigramme bilden ein Hexagramm, also ein Zeichen des I Ging. Die farbigen Trigramme sind mit den jeweiligen Kapiteln im I Ging Kurs verlinkt und werden dort ausf&uuml;hrlich erkl&auml;rt. Chinesischer Name Traditionelles Bild Traditionelle&hellip;\" class=\"encyclopedia\">Trigramm<\/a> hervorgehen kann: Wenn <em>Zhen<\/em> eine (durchbrochene) <a href=\"https:\/\/www.no2do.com\/synopse\/glossar\/yin\" target=\"_self\" title=\"Yin bezeichnete urspr&uuml;nglich die k&auml;ltere Nordseite eines Berges und das beschattete Flussufer bzw. die dunklere, k&uuml;hlere S&uuml;dseite eines Tales. Sp&auml;ter verband man mit Yin die Vorstellung von Tagen mit k&uuml;hlem Wetter und bedecktem Himmel, mit Schatten und allem Dunklen, mit K&uuml;hle und Feuchte, Wasser und Erde, Nacht und Winter. Yin entsprechen die winterlichen Qualit&auml;ten, das&hellip;\" class=\"encyclopedia\">Yin<\/a>-Linie hinzugef&uuml;gt wird, entsteht daraus <em>Kun<\/em> (dunkler Pfeil; yin steht f&uuml;r Empf&auml;nglichkeit).<\/p>\n\n\n\n<h4 class=\"wp-block-heading\"><em>Kun<\/em> entwickelt sich aus <em>Zhen<\/em>, der Donner<\/h4>\n\n\n\n<p><em><a href=\"https:\/\/www.no2do.com\/synopse\/glossar\/zhen-der-donner\" target=\"_self\" title=\"Moderne Deutung: Ent&shy;schei&shy;dungs&shy;f&auml;hig&shy;keit; Entschlossenheit, Enthusiasmus, Mut; Genauigkeit; Flexibilit&auml;t, St&auml;rke Zhen steht f&uuml;r unsere Entscheidungsf&auml;higkeit, f&uuml;r Entschlossenheit, Enthusiasmus, f&uuml;r Mut und Genauigkeit; auch Flexibilit&auml;t und St&auml;rke geh&ouml;ren zu Zhen. Wenn wir uns in der Natur umsehen, dann ist das Bewegungsmuster von Zhen das einer Knospe in ihre Schutzh&uuml;lle, die gerade im Aufbrechen begriffen ist: eine pl&ouml;tzliche,&hellip;\" class=\"encyclopedia\">Zhen, der Donner<\/a><\/em> symbolisiert den Urkeim einer neuen Handlung, den erste Schritt in eine neue Richtung. Mit&nbsp;<em>Kun<\/em> als nachfolgendem Zeichen trifft dieser Impuls auf unstrukturiertes Potential: fruchtbaren Grund, aus dem alles erwachsen kann.<\/p>\n\n\n\n<p>Beispiele f&uuml;r Hexagramme, bei denen sich&nbsp;<em>Kun<\/em> aus <em>Zhen<\/em> entwickelt, finden Sie <a href=\"https:\/\/www.no2do.com\/synopse\/archives\/tag\/zhen-kun\">&rarr; hier.<\/a><\/p>\n\n\n\n<h3 class=\"wp-block-heading\">Wohin entwickelt sich <em>Kun<\/em>?<\/h3>\n\n\n<div class=\"wp-block-image\">\n<figure class=\"alignright\"><img loading=\"lazy\" decoding=\"async\" width=\"150\" height=\"81\" src=\"https:\/\/www.no2do.com\/synopse\/wp-content\/uploads\/2024\/09\/kun_entwicklung-150x81.png\" alt=\"kun_entwicklung\" class=\"wp-image-2907\" srcset=\"https:\/\/www.no2do.com\/synopse\/wp-content\/uploads\/2024\/09\/kun_entwicklung-150x81.png 150w, https:\/\/www.no2do.com\/synopse\/wp-content\/uploads\/2024\/09\/kun_entwicklung-300x161.png 300w, https:\/\/www.no2do.com\/synopse\/wp-content\/uploads\/2024\/09\/kun_entwicklung.png 320w\" sizes=\"auto, (max-width: 150px) 85vw, 150px\"><\/figure>\n<\/div>\n\n\n<p>Auch hier bildet&nbsp;<em>Kun<\/em> eine Ausnahme:&nbsp;<em>Kun<\/em> kann sich lediglich zu einem einzigen Trigramm weiterentwicklen. <em>Gen<\/em> entsteht, indem oben eine (durchgezogene) <a href=\"https:\/\/www.no2do.com\/synopse\/glossar\/yang\" target=\"_self\" title=\"Yang stand anfangs f&uuml;r die w&auml;rmere S&uuml;dseite des Berges, f&uuml;r ein sonniges Flussufer, sp&auml;ter auch f&uuml;r den Berg als Ganzes. Sp&auml;ter bezeichnete Yang alles Lichte und Helle einschlie&szlig;lich Tag, Sommer und Sonne. Entsprechend wurde Trockenes, Luft (Wind) und Feuer Yang zugeordnet, ebenso zunehmend warme Fr&uuml;hlingstage, das Aufbl&uuml;hen und der Belebung der Natur in der warmen&hellip;\" class=\"encyclopedia\">Yang<\/a>-Linie angef&uuml;gt wird (roter Pfeil; Yang symbolisiert Tatkraft, Aktivit&auml;t).<\/p>\n\n\n\n<h4 class=\"wp-block-heading\"><em>Kun <\/em>entwickelt sich zu <em>Gen<\/em>, der Berg<\/h4>\n\n\n\n<p>Durch das Annehmen und Geschehen lassen (<em>Kun<\/em>) ist aus unstrukturiertem Potential Konkretes entstanden. M&ouml;glicherweise sind uns bei diesem Prozess Dinge aufgefallen, die &uuml;berfl&uuml;ssigen Ballast darstellen und unser Fortkommen erschweren. Wenn <em><a href=\"https:\/\/www.no2do.com\/synopse\/glossar\/gen-der-berg\" target=\"_self\" title=\"Moderne Deutung: Loslassen; Trans&shy;formation; Harmonisierung Gen steht f&uuml;r unsere F&auml;higkeit Loszulassen. Indem wir das, was &uuml;berfl&uuml;ssig geworden ist, loslassen und uns auf das Wesentliche konzentrieren, b&uuml;ndeln wir unsere Kr&auml;fte und schaffen Raum f&uuml;r Neues. Loslassen harmonisiert und fokussiert unser Tun und f&uuml;hrt zu Neuausrichtung und Neuanfang. Gen l&auml;dt uns dazu ein, ehrlich zu pr&uuml;fen, was&hellip;\" class=\"encyclopedia\">Gen, der Berg<\/a><\/em> sich aus&nbsp;<em>Kun<\/em> heraus entwickelt, k&ouml;nnen wir &uuml;berfl&uuml;ssigen Ballast vertrauensvoll loslassen. Und die Schwerkraft der Erde wirken lassen: So befreien wir nicht nur Muskeln und Sehnen, sondern unser gesamtes Wesen.<\/p>\n\n\n\n<p>Beispiele f&uuml;r Hexagramme, bei denen sich&nbsp;<em>Kun<\/em> zu <em>Gen<\/em> entwickelt, finden Sie <a href=\"https:\/\/www.no2do.com\/synopse\/archives\/tag\/kun-gen\">&rarr; hier.<\/a><\/p>\n\n\n\n<div class=\"wp-block-group ergaenzungen\"><div class=\"wp-block-group__inner-container is-layout-constrained wp-block-group-is-layout-constrained\">\n<h2 class=\"wp-block-heading\">Referenz<\/h2>\n\n\n\n<p>Wandlungsphase (Element): <a href=\"https:\/\/www.no2do.com\/synopse\/archives\/400\">Erde<\/a><br>Funktionskreis: <a href=\"https:\/\/www.no2do.com\/synopse\/archives\/400#meridian\">Magen \/ Milz-Pankreas<\/a><\/p>\n\n\n\n<h2 class=\"wp-block-heading\">Moderne Deutung<\/h2>\n\n\n\n<p>Das, was hier und jetzt ist, annehmen; Frieden, Stabilit&auml;t, in sich ruhen, gest&uuml;tzt und gehalten sein; sich Dinge nutzbar machen; Bindungsf&auml;higkeit und Hingabe; Selbstwertgef&uuml;hl; Mitgef&uuml;hl<\/p>\n\n\n\n<h2 class=\"wp-block-heading\">Traditionelle Deutung<\/h2>\n\n\n\n<p>Empfangend, sich hingebend, offen, formbar, dunkel, n&auml;hrend, weich, anpassungsf&auml;hig, das gegebene annehmend, fruchtbar<br>Richtung: nach unten<br>Interpretation: h&ouml;chstes Materieprinzip; ein unstrukturiertes, weites Feld f&uuml;r Einwirkung<\/p>\n\n\n\n<h2 class=\"wp-block-heading\">Weiterlesen<\/h2>\n\n\n\n<!-- Page-list plugin v.5.9 wordpress.org\/plugins\/page-list\/ -->\n<ul class=\"page-list \">\n<li class=\"page_item page-item-925\"><a href=\"https:\/\/www.no2do.com\/synopse\/i-ging-kurs-kursinhalt\">I Ging Kurs &ndash; Vorwort<\/a><\/li>\n<li class=\"page_item page-item-7179 page_item_has_children\"><a href=\"https:\/\/www.no2do.com\/synopse\/hintergruende\">THEORIE: Historisches, Begriffskl&auml;rung, Zielsetzung<\/a>\n<ul class=\"children\">\n\t<li class=\"page_item page-item-7150\"><a href=\"https:\/\/www.no2do.com\/synopse\/hintergruende\/von-den-orakelknochen-zum-yijing\">Von den Orakelknochen zum I Ging: Historisches<\/a><\/li>\n\t<li class=\"page_item page-item-7186\"><a href=\"https:\/\/www.no2do.com\/synopse\/hintergruende\/orakelsystem-kosmologie\">I Ging: Orakelsystem oder Kosmologie?<\/a><\/li>\n\t<li class=\"page_item page-item-7314\"><a href=\"https:\/\/www.no2do.com\/synopse\/hintergruende\/i-ging-alles-zufall\">I Ging: Alles Zufall?<\/a><\/li>\n\t<li class=\"page_item page-item-7351\"><a href=\"https:\/\/www.no2do.com\/synopse\/hintergruende\/i-ging-unverstaendliche-antworten\">I Ging: Die unverst&auml;ndlichen Antworten des Textus receptus<\/a><\/li>\n\t<li class=\"page_item page-item-7479\"><a href=\"https:\/\/www.no2do.com\/synopse\/hintergruende\/ein-alternativer-deutungstext\">I Ging: Ein alternativer Deutungstext, der die Vielfalt begr&uuml;&szlig;t<\/a><\/li>\n<\/ul>\n<\/li>\n<li class=\"page_item page-item-817\"><a href=\"https:\/\/www.no2do.com\/synopse\/das-i-ging-befragen\">PRAXIS: Das I Ging befragen<\/a><\/li>\n<li class=\"page_item page-item-819\"><a href=\"https:\/\/www.no2do.com\/synopse\/aufbau-eines-hexagramms\">Aufbau eines Hexagramms<\/a><\/li>\n<li class=\"page_item page-item-821 page_item_has_children\"><a href=\"https:\/\/www.no2do.com\/synopse\/trigramme\">Bedeutung der Trigramme<\/a>\n<ul class=\"children\">\n\t<li class=\"page_item page-item-1693\"><a href=\"https:\/\/www.no2do.com\/synopse\/trigramme\/kun-die-erde\">Kun, die Erde<\/a><\/li>\n\t<li class=\"page_item page-item-1679\"><a href=\"https:\/\/www.no2do.com\/synopse\/trigramme\/dui-der-see\">Dui, der See<\/a><\/li>\n\t<li class=\"page_item page-item-823\"><a href=\"https:\/\/www.no2do.com\/synopse\/trigramme\/li-das-feuer\">Li, das Feuer<\/a><\/li>\n\t<li class=\"page_item page-item-1688\"><a href=\"https:\/\/www.no2do.com\/synopse\/trigramme\/sun-der-wind-baum\">Sun, der Wind \/ Baum<\/a><\/li>\n\t<li class=\"page_item page-item-1694\"><a href=\"https:\/\/www.no2do.com\/synopse\/trigramme\/qian-der-himmel\">Qian, der Himmel<\/a><\/li>\n\t<li class=\"page_item page-item-1045\"><a href=\"https:\/\/www.no2do.com\/synopse\/trigramme\/zhen-der-donner\">Zhen, der Donner<\/a><\/li>\n\t<li class=\"page_item page-item-825\"><a href=\"https:\/\/www.no2do.com\/synopse\/trigramme\/kan-das-wasser\">Kan, das Wasser<\/a><\/li>\n\t<li class=\"page_item page-item-1671\"><a href=\"https:\/\/www.no2do.com\/synopse\/trigramme\/gen-der-berg\">Gen, der Berg<\/a><\/li>\n<\/ul>\n<\/li>\n<li class=\"page_item page-item-7669\"><a href=\"https:\/\/www.no2do.com\/synopse\/faqs-und-tipps\">H&auml;ufig gestellte Fragen und Anwendungstipps<\/a><\/li>\n\n<\/ul>\n<\/div><\/div>\n","protected":false},"excerpt":{"rendered":"<p>Wof\u00fcr steht Kun? Um Kun zu beschreiben k\u00f6nnte man das folgende Bild w\u00e4hlen: Ackerboden, in dem ein S\u00e4mling w\u00e4chst. In diesem Bild repr\u00e4sentiert Ackerboden unstrukturierte Materie; der S\u00e4mling findet im Ackerboden alles, was er zum Wachstum braucht; und abgestorbene Pflanzenteile verwesen wiederum zu Ackerboden. Kun geht in seiner Bedeutung jedoch \u00fcber unstrukturierte Materie (wie den&hellip; <a class=\"continue\" href=\"https:\/\/www.no2do.com\/synopse\/trigramme\/kun-die-erde\">Weiterlesen:<span> Kun, die Erde<\/span><\/a><\/p>\n","protected":false},"author":6,"featured_media":0,"parent":821,"menu_order":10,"comment_status":"closed","ping_status":"closed","template":"","meta":{"_coblocks_attr":"","_coblocks_dimensions":"","_coblocks_responsive_height":"","_coblocks_accordion_ie_support":"","footnotes":""},"class_list":["post-1693","page","type-page","status-publish","hentry"],"_links":{"self":[{"href":"https:\/\/www.no2do.com\/synopse\/wp-json\/wp\/v2\/pages\/1693","targetHints":{"allow":["GET"]}}],"collection":[{"href":"https:\/\/www.no2do.com\/synopse\/wp-json\/wp\/v2\/pages"}],"about":[{"href":"https:\/\/www.no2do.com\/synopse\/wp-json\/wp\/v2\/types\/page"}],"author":[{"embeddable":true,"href":"https:\/\/www.no2do.com\/synopse\/wp-json\/wp\/v2\/users\/6"}],"replies":[{"embeddable":true,"href":"https:\/\/www.no2do.com\/synopse\/wp-json\/wp\/v2\/comments?post=1693"}],"version-history":[{"count":3,"href":"https:\/\/www.no2do.com\/synopse\/wp-json\/wp\/v2\/pages\/1693\/revisions"}],"predecessor-version":[{"id":10636,"href":"https:\/\/www.no2do.com\/synopse\/wp-json\/wp\/v2\/pages\/1693\/revisions\/10636"}],"up":[{"embeddable":true,"href":"https:\/\/www.no2do.com\/synopse\/wp-json\/wp\/v2\/pages\/821"}],"wp:attachment":[{"href":"https:\/\/www.no2do.com\/synopse\/wp-json\/wp\/v2\/media?parent=1693"}],"curies":[{"name":"wp","href":"https:\/\/api.w.org\/{rel}","templated":true}]}}