{"id":3702,"date":"2018-05-16T10:40:34","date_gmt":"2018-05-16T08:40:34","guid":{"rendered":"https:\/\/www.no2do.com\/synopse\/?page_id=3702"},"modified":"2025-07-07T17:39:03","modified_gmt":"2025-07-07T15:39:03","slug":"kontakt","status":"publish","type":"page","link":"https:\/\/www.no2do.com\/synopse\/kontakt","title":{"rendered":"Kontakt"},"content":{"rendered":"<div class=\"wp-block-image\">\n<figure class=\"alignleft size-medium has-lightbox\"><a href=\"https:\/\/www.paypal.com\/paypalme\/KarinSoika\" target=\"_blank\" rel=\"noopener\"><img loading=\"lazy\" decoding=\"async\" width=\"300\" height=\"300\" src=\"https:\/\/www.no2do.com\/synopse\/wp-content\/uploads\/2024\/09\/no2DO_donation-300x300.png\" alt=\"\" class=\"wp-image-10079\" srcset=\"https:\/\/www.no2do.com\/synopse\/wp-content\/uploads\/2024\/09\/no2DO_donation-300x300.png 300w, https:\/\/www.no2do.com\/synopse\/wp-content\/uploads\/2024\/09\/no2DO_donation-150x150.png 150w, https:\/\/www.no2do.com\/synopse\/wp-content\/uploads\/2024\/09\/no2DO_donation.png 327w\" sizes=\"auto, (max-width: 300px) 85vw, 300px\"><\/a><\/figure>\n<\/div>\n\n\n<p><a href=\"https:\/\/www.no2do.com\/synopse\/glossar\/no2do\" target=\"_self\" title=\"no2Do ist eine Weiter&shy;entwicklung des englischen Begriffes 2DO (2DO-Liste, To-Do-Liste [engl.: to = zu, do = tun], Pendenzen&shy;liste oder Aufgabenliste) und deutet mit dem vorangestellten no an, dass es oft am sinn&shy;vollsten ist, zun&auml;chst einmal gar nichts zu unternehmen, ganz im Sinne von Wu Wei (Nicht-Handeln). So gesehen ist no2DO ist erst einmal ein Wortspiel&hellip;\" class=\"encyclopedia\">no2DO<\/a> ist ein Projekt ohne kommerzielle Hinter&shy;gedanken. Bereitstellung, Forschung und weitere Entwicklung kosten dennoch&nbsp; Zeit und Geld. Wenn Sie no2DO also interessant und hilfreich finden und die Energie ausgleichen m&ouml;chten, freue ich mich &uuml;ber Ihre <a href=\"https:\/\/www.paypal.com\/paypalme\/KarinSoika\" target=\"_blank\" rel=\"noopener\">Spende<\/a>.<\/p>\n\n\n\n<p>Sie k&ouml;nnen die Weiterentwicklung von no2DO au&szlig;erdem unterst&uuml;tzen, indem Sie mir Ihre Frage an das <a href=\"https:\/\/www.no2do.com\/synopse\/glossar\/i-ging\" target=\"_self\" title='Das I Ging (chin. &#63968;&#32147;, y&igrave; jing, W.-G. I Ching, auch: I Jing, Yi Ching, Yi King; \"das Buch der Wandlungen\") basiert auf Kosmologie und Philosophie des alten China, speziell dem Daoismus (Taoismus). Grundideen des I Ging sind eine Ausgewogenheit der Gegenteile und ein Akzeptieren der Ver&auml;nderung. Das Buch beschreibt die Welt in 64 Bildern,&hellip;' class=\"encyclopedia\">I Ging<\/a> und die entsprechende Antwort (Nummer und Name des Zeichens) zusenden. Denn die Tendenzen der einzelnen Zeichen (<a href=\"https:\/\/www.no2do.com\/synopse\/glossar\/hexagramm\" target=\"_self\" title=\"Ein Hexagramm setzt sich aus jeweils zwei Trigrammen zusammen, wobei die Bewegung, &auml;hnlich dem Wachstum einer Pflanze, von unten nach oben verl&auml;uft: das Hexagramm wird von unten her aufgebaut (z. B. bei der Divination\/beim Orakel) und sp&auml;ter auch entsprechend gelesen. Weiterlesen: Aufbau eines Hexagramms Weiterlesen: &Uuml;bersichtsseite Hexagramme\" class=\"encyclopedia\">Hexagramm<\/a>e) erschlie&szlig;en sich am klarsten, wenn man sie im Zusammenhang mit einer pers&ouml;nlichen Lebenssituation untersucht.<\/p>\n\n\n\n<div class=\"wp-block-contact-form-7-contact-form-selector\">\n<div class=\"wpcf7 no-js\" id=\"wpcf7-f3699-o1\" lang=\"de-DE\" dir=\"ltr\" data-wpcf7-id=\"3699\">\n<div class=\"screen-reader-response\"><p role=\"status\" aria-live=\"polite\" aria-atomic=\"true\"><\/p> <ul><\/ul><\/div>\n<form action=\"\/synopse\/wp-json\/wp\/v2\/pages\/3702#wpcf7-f3699-o1\" method=\"post\" class=\"wpcf7-form init\" aria-label=\"Kontaktformular\" novalidate=\"novalidate\" data-status=\"init\">\n<fieldset class=\"hidden-fields-container\"><input type=\"hidden\" name=\"_wpcf7\" value=\"3699\"><input type=\"hidden\" name=\"_wpcf7_version\" value=\"6.1.5\"><input type=\"hidden\" name=\"_wpcf7_locale\" value=\"de_DE\"><input type=\"hidden\" name=\"_wpcf7_unit_tag\" value=\"wpcf7-f3699-o1\"><input type=\"hidden\" name=\"_wpcf7_container_post\" value=\"0\"><input type=\"hidden\" name=\"_wpcf7_posted_data_hash\" value=\"\">\n<\/fieldset>\n<p><label>Was ist Ihr Anliegen bzw. wie lautete Ihre Frage an das I Ging?<br>\n<span class=\"wpcf7-form-control-wrap\" data-name=\"anliegen\"><textarea cols=\"40\" rows=\"10\" maxlength=\"2000\" class=\"wpcf7-form-control wpcf7-textarea\" aria-invalid=\"false\" name=\"anliegen\"><\/textarea><\/span> <\/label>\n<\/p>\n<p><label>Welches Zeichen des I Gings erhielten Sie als Antwort?<br>\n<span class=\"wpcf7-form-control-wrap\" data-name=\"zeichen\"><input size=\"40\" maxlength=\"400\" class=\"wpcf7-form-control wpcf7-text\" aria-invalid=\"false\" value=\"\" type=\"text\" name=\"zeichen\"><\/span> <\/label>\n<\/p>\n<p>Haben Sie Interesse an einer <b>pers&ouml;nlichen Konsultation<\/b> (kostenfrei, ca. 15 min, begrenzte Anzahl von Pl&auml;tzen\/Monat)? Dann teilen Sie mir gerne Ihre Kontaktdaten mit:\n<\/p>\n<p><label>Ihr Name (optional)<br>\n<span class=\"wpcf7-form-control-wrap\" data-name=\"absendername\"><input size=\"40\" maxlength=\"400\" class=\"wpcf7-form-control wpcf7-text\" aria-invalid=\"false\" value=\"\" type=\"text\" name=\"absendername\"><\/span> <\/label>\n<\/p>\n<p><label>Ihre E-Mail-Adresse (optional)<br>\n<span class=\"wpcf7-form-control-wrap\" data-name=\"absenderemail\"><input size=\"40\" maxlength=\"400\" class=\"wpcf7-form-control wpcf7-text\" aria-invalid=\"false\" value=\"\" type=\"text\" name=\"absenderemail\"><\/span> <\/label>\n<\/p>\n<p><label>M&ouml;chten Sie mir noch etwas mitteilen?<br>\n<span class=\"wpcf7-form-control-wrap\" data-name=\"sonstiges\"><textarea cols=\"40\" rows=\"10\" maxlength=\"2000\" class=\"wpcf7-form-control wpcf7-textarea\" aria-invalid=\"false\" name=\"sonstiges\"><\/textarea><\/span> <\/label>\n<\/p>\n<p style=\"width: 75%\">Leider benutzen auch Spammer dieses Formular. Deswegen eine kleine Rechenaufgabe:<br>\n<span class=\"wpcf7-form-control-wrap\" data-name=\"random-math-quiz\"><label><span class=\"wpcf7-quiz-label\">Zwei Amseln haben 2 Junge. Wieviele hungrige (Kinder-)Schn&auml;bel m&uuml;ssen sie stopfen? (Bitte Zahl eingeben)<\/span> <input size=\"40\" class=\"wpcf7-form-control wpcf7-quiz\" autocomplete=\"off\" aria-required=\"true\" aria-invalid=\"false\" type=\"text\" name=\"random-math-quiz\"><\/label><input type=\"hidden\" name=\"_wpcf7_quiz_answer_random-math-quiz\" value=\"94a57ab876a335660f7543000045ce80\"><\/span>\n<\/p>\n<p style=\"font-size: 75%;width: 75%\">Durch die Nutzung dieses Kontaktformulars hinterlassen Sie Datenspuren (<a href=\"https:\/\/www.no2do.com\/links\/datenschutz.html\" target=\"_blank\">Datenschutzerkl&auml;rung<\/a>). Sie k&ouml;nnen mir gerne alternativ eine regul&auml;re E-Mail &uuml;ber Ihr E-Mail-Programm zukommen lassen: kunst(a)soika.com<br>\n&nbsp;\n<\/p>\n<p><input class=\"wpcf7-form-control wpcf7-submit has-spinner\" type=\"submit\" value=\"Senden\">\n<\/p><div class=\"wpcf7-response-output\" aria-hidden=\"true\"><\/div>\n<\/form>\n<\/div>\n<\/div>\n\n\n\n<h5 class=\"wp-block-heading\">Newsletter<\/h5>\n\n\n\n<p>M&ouml;chten Sie in Zukunft &uuml;ber Neuerungen bei no2DO informiert werden? Dann abonnieren Sie unseren Newsletter:<\/p>\n\n\n  \n  \n  <div class=\"\n    mailpoet_form_popup_overlay\n      \"><\/div>\n  <div id=\"mailpoet_form_1\" class=\"\n      mailpoet_form\n      mailpoet_form_html\n      mailpoet_form_position_\n      mailpoet_form_animation_\n    \">\n\n    <style type=\"text\/css\">\n     #mailpoet_form_1 .mailpoet_form {  }\n#mailpoet_form_1 .mailpoet_column_with_background { padding: 10px; }\n#mailpoet_form_1 .mailpoet_form_column:not(:first-child) { margin-left: 20px; }\n#mailpoet_form_1 .mailpoet_paragraph { line-height: 20px; margin-bottom: 20px; }\n#mailpoet_form_1 .mailpoet_segment_label, #mailpoet_form_1 .mailpoet_text_label, #mailpoet_form_1 .mailpoet_textarea_label, #mailpoet_form_1 .mailpoet_select_label, #mailpoet_form_1 .mailpoet_radio_label, #mailpoet_form_1 .mailpoet_checkbox_label, #mailpoet_form_1 .mailpoet_list_label, #mailpoet_form_1 .mailpoet_date_label { display: block; font-weight: normal; }\n#mailpoet_form_1 .mailpoet_text, #mailpoet_form_1 .mailpoet_textarea, #mailpoet_form_1 .mailpoet_select, #mailpoet_form_1 .mailpoet_date_month, #mailpoet_form_1 .mailpoet_date_day, #mailpoet_form_1 .mailpoet_date_year, #mailpoet_form_1 .mailpoet_date { display: block; }\n#mailpoet_form_1 .mailpoet_text, #mailpoet_form_1 .mailpoet_textarea { width: 200px; }\n#mailpoet_form_1 .mailpoet_checkbox {  }\n#mailpoet_form_1 .mailpoet_submit {  }\n#mailpoet_form_1 .mailpoet_divider {  }\n#mailpoet_form_1 .mailpoet_message {  }\n#mailpoet_form_1 .mailpoet_form_loading { width: 30px; text-align: center; line-height: normal; }\n#mailpoet_form_1 .mailpoet_form_loading > span { width: 5px; height: 5px; background-color: #5b5b5b; }#mailpoet_form_1{border-radius: 0px;text-align: left;}#mailpoet_form_1 form.mailpoet_form {padding: 0px;}#mailpoet_form_1{width: 75%;}#mailpoet_form_1 .mailpoet_message {margin: 0; padding: 0 20px;}#mailpoet_form_1 .mailpoet_paragraph.last {margin-bottom: 0} @media (max-width: 500px) {#mailpoet_form_1 {background-image: none;}} @media (min-width: 500px) {#mailpoet_form_1 .last .mailpoet_paragraph:last-child {margin-bottom: 0}}  @media (max-width: 500px) {#mailpoet_form_1 .mailpoet_form_column:last-child .mailpoet_paragraph:last-child {margin-bottom: 0}} \n    <\/style>\n\n    <form target=\"_self\" method=\"post\" action=\"https:\/\/www.no2do.com\/synopse\/wp-admin\/admin-post.php?action=mailpoet_subscription_form\" class=\"mailpoet_form mailpoet_form_form mailpoet_form_html\" novalidate data-delay=\"\" data-exit-intent-enabled=\"\" data-font-family=\"\" data-cookie-expiration-time=\"\">\n      <input type=\"hidden\" name=\"data[form_id]\" value=\"1\">\n      <input type=\"hidden\" name=\"token\" value=\"ac8c9bb3ad\">\n      <input type=\"hidden\" name=\"api_version\" value=\"v1\">\n      <input type=\"hidden\" name=\"endpoint\" value=\"subscribers\">\n      <input type=\"hidden\" name=\"mailpoet_method\" value=\"subscribe\">\n\n      <label class=\"mailpoet_hp_email_label\" style=\"display: none !important;\">Bitte dieses Feld leer lassen<input type=\"email\" name=\"data[email]\"><\/label><div class=\"mailpoet_paragraph \"><input type=\"email\" autocomplete=\"email\" class=\"mailpoet_text\" id=\"form_email_1\" name=\"data[form_field_NDFjMmNkMTQxODFlX2VtYWls]\" title=\"E-Mail-Adresse\" value=\"\" style=\"width:100%;box-sizing:border-box;padding:10px;margin: 0 auto 0 0;\" data-automation-id=\"form_email\" placeholder=\"E-Mail-Adresse *\" aria-label=\"E-Mail-Adresse *\" data-parsley-errors-container=\".mailpoet_error_xxvvb\" data-parsley-required=\"true\" required aria-required=\"true\" data-parsley-minlength=\"6\" data-parsley-maxlength=\"150\" data-parsley-type-message=\"Dieser Wert sollte eine g&uuml;ltige E-Mail-Adresse sein.\" data-parsley-required-message=\"Dieses Feld wird ben&ouml;tigt.\"><span class=\"mailpoet_error_xxvvb\"><\/span><\/div>\n<div class=\"mailpoet_paragraph \"><input type=\"submit\" class=\"mailpoet_submit\" value=\"Newsletter abonnieren\" data-automation-id=\"subscribe-submit-button\" style=\"width:100%;box-sizing:border-box;background-color:#cfef95;border-style:solid;border-radius:0px !important;border-width:0px;border-color:#313131;padding:10px;margin: 0 auto 0 0;color:#000000;\"><span class=\"mailpoet_form_loading\"><span class=\"mailpoet_bounce1\"><\/span><span class=\"mailpoet_bounce2\"><\/span><span class=\"mailpoet_bounce3\"><\/span><\/span><\/div>\n<p class=\"mailpoet_form_paragraph  mailpoet-has-font-size\" style=\"text-align: left; font-size: 11px\">Ausf&uuml;hrliche Informationen zu Inhalten, Versandverfahren, Statistiken und Widerrufsm&ouml;glichkeiten erhalten Sie in unserer <a href=\"https:\/\/www.no2do.com\/links\/datenschutz.html\">Datenschutzerkl&auml;rung<\/a>.<\/p>\n\n      <div class=\"mailpoet_message\">\n        <p class=\"mailpoet_validate_success\" style=\"display:none;\">Pr&uuml;fe deinen Posteingang oder Spam-Ordner, um dein Abonnement zu best&auml;tigen.\n        <\/p>\n        <p class=\"mailpoet_validate_error\" style=\"display:none;\">        <\/p>\n      <\/div>\n    <\/form>\n\n      <\/div>\n\n  ","protected":false},"excerpt":{"rendered":"<p>no2DO ist ein Projekt ohne kommerzielle Hinter\u00adgedanken. Bereitstellung, Forschung und weitere Entwicklung kosten dennoch&nbsp; Zeit und Geld. Wenn Sie no2DO also interessant und hilfreich finden und die Energie ausgleichen m\u00f6chten, freue ich mich \u00fcber Ihre Spende. Sie k\u00f6nnen die Weiterentwicklung von no2DO au\u00dferdem unterst\u00fctzen, indem Sie mir Ihre Frage an das I Ging und die&hellip; <a class=\"continue\" href=\"https:\/\/www.no2do.com\/synopse\/kontakt\">Weiterlesen:<span> Kontakt<\/span><\/a><\/p>\n","protected":false},"author":6,"featured_media":0,"parent":0,"menu_order":99,"comment_status":"closed","ping_status":"closed","template":"","meta":{"_coblocks_attr":"","_coblocks_dimensions":"","_coblocks_responsive_height":"","_coblocks_accordion_ie_support":"","footnotes":""},"class_list":["post-3702","page","type-page","status-publish","hentry"],"_links":{"self":[{"href":"https:\/\/www.no2do.com\/synopse\/wp-json\/wp\/v2\/pages\/3702","targetHints":{"allow":["GET"]}}],"collection":[{"href":"https:\/\/www.no2do.com\/synopse\/wp-json\/wp\/v2\/pages"}],"about":[{"href":"https:\/\/www.no2do.com\/synopse\/wp-json\/wp\/v2\/types\/page"}],"author":[{"embeddable":true,"href":"https:\/\/www.no2do.com\/synopse\/wp-json\/wp\/v2\/users\/6"}],"replies":[{"embeddable":true,"href":"https:\/\/www.no2do.com\/synopse\/wp-json\/wp\/v2\/comments?post=3702"}],"version-history":[{"count":3,"href":"https:\/\/www.no2do.com\/synopse\/wp-json\/wp\/v2\/pages\/3702\/revisions"}],"predecessor-version":[{"id":10082,"href":"https:\/\/www.no2do.com\/synopse\/wp-json\/wp\/v2\/pages\/3702\/revisions\/10082"}],"wp:attachment":[{"href":"https:\/\/www.no2do.com\/synopse\/wp-json\/wp\/v2\/media?parent=3702"}],"curies":[{"name":"wp","href":"https:\/\/api.w.org\/{rel}","templated":true}]}}