{"id":819,"date":"2011-08-03T15:13:30","date_gmt":"2011-08-03T13:13:30","guid":{"rendered":"http:\/\/www.no2do.com\/synopse\/?page_id=819"},"modified":"2025-07-07T17:37:58","modified_gmt":"2025-07-07T15:37:58","slug":"aufbau-eines-hexagramms","status":"publish","type":"page","link":"https:\/\/www.no2do.com\/synopse\/aufbau-eines-hexagramms","title":{"rendered":"Aufbau eines Hexagramms"},"content":{"rendered":"\n<p>Nachdem wir unsere <a href=\"https:\/\/www.no2do.com\/synopse\/das-i-ging-befragen\">Frage an das I Ging formuliert und die Antwort des Orakels bestimmt<\/a> haben, liegt uns nun die Antwort des <a href=\"https:\/\/www.no2do.com\/synopse\/glossar\/i-ging\" target=\"_self\" title='Das I Ging (chin. &#63968;&#32147;, y&igrave; jing, W.-G. I Ching, auch: I Jing, Yi Ching, Yi King; \"das Buch der Wandlungen\") basiert auf Kosmologie und Philosophie des alten China, speziell dem Daoismus (Taoismus). Grundideen des I Ging sind eine Ausgewogenheit der Gegenteile und ein Akzeptieren der Ver&auml;nderung. Das Buch beschreibt die Welt in 64 Bildern,&hellip;' class=\"encyclopedia\">I Ging<\/a> in Form eines <em><a href=\"https:\/\/www.no2do.com\/synopse\/glossar\/hexagramm\" target=\"_self\" title=\"Ein Hexagramm setzt sich aus jeweils zwei Trigrammen zusammen, wobei die Bewegung, &auml;hnlich dem Wachstum einer Pflanze, von unten nach oben verl&auml;uft: das Hexagramm wird von unten her aufgebaut (z. B. bei der Divination\/beim Orakel) und sp&auml;ter auch entsprechend gelesen. Weiterlesen: Aufbau eines Hexagramms Weiterlesen: &Uuml;bersichtsseite Hexagramme\" class=\"encyclopedia\">Hexagramm<\/a>s<\/em> vor.<\/p>\n\n\n<div class=\"wp-block-image\">\n<figure class=\"alignright size-full\"><img loading=\"lazy\" decoding=\"async\" width=\"228\" height=\"130\" src=\"https:\/\/www.no2do.com\/synopse\/wp-content\/uploads\/2024\/09\/animation_d24.gif\" alt=\"\" class=\"wp-image-10582\"><\/figure>\n<\/div>\n\n\n<p>Ein Hexagramm (<em>hexa<\/em> ist die griechische Vorsilbe f&uuml;r die Zahl Sechs) besteht aus sechs Linien und wird von unten nach oben aufgebaut. Gem&auml;&szlig; dem <a href=\"https:\/\/www.no2do.com\/synopse\/glossar\/interpretationsmodell\" target=\"_self\" title='Das Interpretationsmodell von no2DO gliedert das Hexagramm in das obere und untere Trigramm (\"unteres Trigramm\", \"oberes Trigramm\"), sowie die beiden Kernzeichen (\"erstes Kernzeichen\", \"zweites Kernzeichen\"). Weiterlesen: Interpretationsmodell von no2DO' class=\"encyclopedia\">Interpretationsmodell<\/a> von <a href=\"https:\/\/www.no2do.com\/synopse\/glossar\/no2do\" target=\"_self\" title=\"no2Do ist eine Weiter&shy;entwicklung des englischen Begriffes 2DO (2DO-Liste, To-Do-Liste [engl.: to = zu, do = tun], Pendenzen&shy;liste oder Aufgabenliste) und deutet mit dem vorangestellten no an, dass es oft am sinn&shy;vollsten ist, zun&auml;chst einmal gar nichts zu unternehmen, ganz im Sinne von Wu Wei (Nicht-Handeln). So gesehen ist no2DO ist erst einmal ein Wortspiel&hellip;\" class=\"encyclopedia\">no2DO<\/a> ist es genau so auch zu lesen: Dem unteren <a href=\"https:\/\/www.no2do.com\/synopse\/glossar\/trigramm\" target=\"_self\" title=\"Die 8 Trigramme bilden die Grundlage des I Ging. Sie setzen sich aus jeweils drei durchgezogenen (Yang) bzw. durchbrochenen (Yin) Linien. Zwei Trigramme bilden ein Hexagramm, also ein Zeichen des I Ging. Die farbigen Trigramme sind mit den jeweiligen Kapiteln im I Ging Kurs verlinkt und werden dort ausf&uuml;hrlich erkl&auml;rt. Chinesischer Name Traditionelles Bild Traditionelle&hellip;\" class=\"encyclopedia\">Trigramm<\/a> (lila Rahmen) folgt das erste <a href=\"https:\/\/www.no2do.com\/synopse\/glossar\/kernzeichen\" target=\"_self\" title=\"Der jeweils 2., 3. und 4. Strich eines Hexagramms bildet sein erstes, der 3., 4. und 5. Strich bilden sein zweites Kernzeichen. Die beiden Kernzeichen weisen auf die innere Dynamik des Hexagramms, indem sie zeigen, wie sich die beiden Trigramme des Hexagramms aufeinander zubewegen bzw. miteinander verbunden sind.\" class=\"encyclopedia\">Kernzeichen<\/a> (t&uuml;rkisfarbener Rahmen), gefolgt vom zweiten Kernzeichen (gr&uuml;ner Rahmen) und das Hexagramm schlie&szlig;t mit dem oberen Trigramm (hellgr&uuml;ner Rahmen) ab.<\/p>\n\n\n\n<h2 class=\"wp-block-heading\">Ein Hexagramm besteht Trigrammen und Kernzeichen<\/h2>\n\n\n\n<p>Ein <em>Trigramm<\/em>&nbsp;(<em>tri<\/em> = Drei) ist ein Zeichen, das aus drei&nbsp;&ndash; jeweils durchbrochen oder durchgezogen &ndash; Linien gebildet wird. Das <strong>untere Trigramm<\/strong> (lila Rahmen) und das <strong>obere Trigramm<\/strong> (hellgr&uuml;ner Rahmen) werden auch immer als <em>Trigramme<\/em> bezeichnet. Die beiden <em>Kernzeichen<\/em><strong> <\/strong>(t&uuml;rkisfarbener bzw. gr&uuml;ner Rahmen) sind nat&uuml;rlich ebenfalls Trigramme, werden aufgrund ihrer Stellung innerhalb des Hexagramms aber <strong>erstes bzw. zweites Kernzeichen<\/strong> genannt.<\/p>\n\n\n\n<p>Unser Beispiel-Hexagramm im Bild oben besteht aus folgenden Trigrammen:<\/p>\n\n\n\n<figure class=\"wp-block-table\"><table><tbody><tr><td>oberes Trigramm<\/td><td><em><a href=\"https:\/\/www.no2do.com\/synopse\/glossar\/kun-die-erde\" target=\"_self\" title=\"Moderne Deutung: Das, was hier und jetzt ist, annehmen; Frieden, Stabilit&auml;t, in sich ruhen, gest&uuml;tzt und gehalten sein; sich Dinge nutzbar machen; Bindungsf&auml;higkeit und Hingabe; Selbstwertgef&uuml;hl; Mitgef&uuml;hl Kun verweist auf unstrukturiertes Potential an sich, es umfasst also materielle und nicht-materielle M&ouml;glichkeiten. Damit steht Kun f&uuml;r eine unstrukturierte Quelle der Kraft, mit der wir uns verbinden&hellip;\" class=\"encyclopedia\">Kun, die Erde<\/a><\/em><\/td><\/tr><tr><td>zweites Kernzeichen<\/td><td><em><a href=\"https:\/\/www.no2do.com\/synopse\/glossar\/zhen-der-donner\" target=\"_self\" title=\"Moderne Deutung: Ent&shy;schei&shy;dungs&shy;f&auml;hig&shy;keit; Entschlossenheit, Enthusiasmus, Mut; Genauigkeit; Flexibilit&auml;t, St&auml;rke Zhen steht f&uuml;r unsere Entscheidungsf&auml;higkeit, f&uuml;r Entschlossenheit, Enthusiasmus, f&uuml;r Mut und Genauigkeit; auch Flexibilit&auml;t und St&auml;rke geh&ouml;ren zu Zhen. Wenn wir uns in der Natur umsehen, dann ist das Bewegungsmuster von Zhen das einer Knospe in ihre Schutzh&uuml;lle, die gerade im Aufbrechen begriffen ist: eine pl&ouml;tzliche,&hellip;\" class=\"encyclopedia\">Zhen, der Donner<\/a><\/em><\/td><\/tr><tr><td>erstes Kernzeichen<\/td><td><em><a href=\"https:\/\/www.no2do.com\/synopse\/glossar\/dui-der-see\" target=\"_self\" title=\"Moderne Deutung: &Ouml;ffnung, Ber&uuml;hrung, Zulassen; Demut; verbunden sein, inspiriert sein; Individuation; Rhythmus Dui l&auml;sst uns die Grenzen unseres Selbst auf zweierlei Weise &uuml;berschreiten. Zum einen, indem wir uns dem Au&szlig;en, unserer Umwelt &ouml;ffnen, uns inspirieren lassen und schlie&szlig;lich das, was uns auf diese Weise begegnet, annehmen und integrieren. Zum anderen indem wir unser Inneres nach&hellip;\" class=\"encyclopedia\">Dui, der See<\/a><\/em><\/td><\/tr><tr><td>unteres Trigramm<\/td><td><em><a href=\"https:\/\/www.no2do.com\/synopse\/glossar\/qian-der-himmel\" target=\"_self\" title=\"Moderne Deutung: Klarheit und Koh&auml;renz; Leidenschaft, Spontanit&auml;t; W&auml;rme, Liebe; Spiritualit&auml;t Qian entspricht dem Zenit unserer M&ouml;glichkeiten. Damit ist einerseits eine Geisteshaltung gemeint, die ein hohes Ma&szlig; an Klarheit und Koh&auml;renz aufweist, die ungest&ouml;rt ist von Sorgen, Begierden und Gedankenschleifen. Zum anderen verweist Qian aber auch auf die F&auml;higkeit, diese innere Klarheit in Handlung in der&hellip;\" class=\"encyclopedia\">Qian, der Himmel<\/a><\/em><\/td><\/tr><\/tbody><\/table><\/figure>\n\n\n\n<h2 class=\"wp-block-heading\">Das Interpretationsmodell von no2DO<\/h2>\n\n\n\n<p>Wenn wir die Trigramme und Kernzeichen eines Hexagramms &ndash; s. Tabelle unseres Beispiel-Hexagramms &ndash; von unten nach oben lesen, dann ergibt sich daraus ganz grob die folgende Interpretation: <em>Qian, der Himmel<\/em>, wandelt sich zu <em>Dui<\/em>, dem See. Aus <em>Dui<\/em> entsteht <em>Zhen, der Donner<\/em>, der wiederum <em>Kun, die Erde<\/em> bildet. Diese Lesart entspricht dem Interpretations<a href=\"https:\/\/www.no2do.com\/synopse\/glossar\/modell\" target=\"_self\" title=\"Ein Modell ist eine Nachbildung der Wirklichkeit, nicht aber die Wirklichkeit selbst. Im Modell werden komplexen Zusammenh&auml;ngen vereinfacht und aufs Wesentliches reduziert dargestellt. Auf diese Weise lassen sich Aspekte der Wirklichkeit klarer fassen und besser verstehen als in der Realit&auml;t selbst. Modelle sind ein wichtiges Werkzeug, um komplexe Zusammenh&auml;nge zu verstehen. Mit einem Modell l&auml;sst&hellip;\" class=\"encyclopedia\">modell<\/a> von no2DO: Ein Hexagramm wird in seine Trigramme und Kernzeichen zerlegt und konsequent von unten nach oben gelesen. <\/p>\n\n\n\n<p>Diese Lesart habe ich in der Literatur zum I Ging bisher nirgendwo gefunden. Da man bei der Orakelbefragung das Hexagramm aber genau auf diese Weise bestimmt &ndash; also von unten nach oben aufbauend -, erscheint mir dieser Ansatz nur logisch. In der Praxis hat sich das Interpretationsmodell jedenfalls als hilfreich erwiesen.<\/p>\n\n\n\n<p>Exkurs: Vollst&auml;ndige Interpretation von Hexagramm <a rel=\"noopener noreferrer\" href=\"https:\/\/www.no2do.com\/hexagramme\/777888.htm\" target=\"_blank\">12 &ndash; der Friede<\/a><br>Exkurs: <a href=\"https:\/\/www.no2do.com\/synopse\/archives\/303\">Das Interpretationsmodell von no2DO<\/a><\/p>\n\n\n\n<div class=\"wp-block-group ergaenzungen\"><div class=\"wp-block-group__inner-container is-layout-constrained wp-block-group-is-layout-constrained\">\n<h2 class=\"wp-block-heading\">Weiterlesen<\/h2>\n\n\n\n<!-- Page-list plugin v.5.9 wordpress.org\/plugins\/page-list\/ -->\n<ul class=\"page-list siblings-page-list \">\n<li class=\"page_item page-item-925\"><a href=\"https:\/\/www.no2do.com\/synopse\/i-ging-kurs-kursinhalt\">I Ging Kurs &ndash; Vorwort<\/a><\/li>\n<li class=\"page_item page-item-7179 page_item_has_children\"><a href=\"https:\/\/www.no2do.com\/synopse\/hintergruende\">THEORIE: Historisches, Begriffskl&auml;rung, Zielsetzung<\/a>\n<ul class=\"children\">\n\t<li class=\"page_item page-item-7150\"><a href=\"https:\/\/www.no2do.com\/synopse\/hintergruende\/von-den-orakelknochen-zum-yijing\">Von den Orakelknochen zum I Ging: Historisches<\/a><\/li>\n\t<li class=\"page_item page-item-7186\"><a href=\"https:\/\/www.no2do.com\/synopse\/hintergruende\/orakelsystem-kosmologie\">I Ging: Orakelsystem oder Kosmologie?<\/a><\/li>\n\t<li class=\"page_item page-item-7314\"><a href=\"https:\/\/www.no2do.com\/synopse\/hintergruende\/i-ging-alles-zufall\">I Ging: Alles Zufall?<\/a><\/li>\n\t<li class=\"page_item page-item-7351\"><a href=\"https:\/\/www.no2do.com\/synopse\/hintergruende\/i-ging-unverstaendliche-antworten\">I Ging: Die unverst&auml;ndlichen Antworten des Textus receptus<\/a><\/li>\n\t<li class=\"page_item page-item-7479\"><a href=\"https:\/\/www.no2do.com\/synopse\/hintergruende\/ein-alternativer-deutungstext\">I Ging: Ein alternativer Deutungstext, der die Vielfalt begr&uuml;&szlig;t<\/a><\/li>\n<\/ul>\n<\/li>\n<li class=\"page_item page-item-817\"><a href=\"https:\/\/www.no2do.com\/synopse\/das-i-ging-befragen\">PRAXIS: Das I Ging befragen<\/a><\/li>\n<li class=\"page_item page-item-819\"><a href=\"https:\/\/www.no2do.com\/synopse\/aufbau-eines-hexagramms\">Aufbau eines Hexagramms<\/a><\/li>\n<li class=\"page_item page-item-821 page_item_has_children\"><a href=\"https:\/\/www.no2do.com\/synopse\/trigramme\">Bedeutung der Trigramme<\/a>\n<ul class=\"children\">\n\t<li class=\"page_item page-item-1693\"><a href=\"https:\/\/www.no2do.com\/synopse\/trigramme\/kun-die-erde\">Kun, die Erde<\/a><\/li>\n\t<li class=\"page_item page-item-1679\"><a href=\"https:\/\/www.no2do.com\/synopse\/trigramme\/dui-der-see\">Dui, der See<\/a><\/li>\n\t<li class=\"page_item page-item-823\"><a href=\"https:\/\/www.no2do.com\/synopse\/trigramme\/li-das-feuer\">Li, das Feuer<\/a><\/li>\n\t<li class=\"page_item page-item-1688\"><a href=\"https:\/\/www.no2do.com\/synopse\/trigramme\/sun-der-wind-baum\">Sun, der Wind \/ Baum<\/a><\/li>\n\t<li class=\"page_item page-item-1694\"><a href=\"https:\/\/www.no2do.com\/synopse\/trigramme\/qian-der-himmel\">Qian, der Himmel<\/a><\/li>\n\t<li class=\"page_item page-item-1045\"><a href=\"https:\/\/www.no2do.com\/synopse\/trigramme\/zhen-der-donner\">Zhen, der Donner<\/a><\/li>\n\t<li class=\"page_item page-item-825\"><a href=\"https:\/\/www.no2do.com\/synopse\/trigramme\/kan-das-wasser\">Kan, das Wasser<\/a><\/li>\n\t<li class=\"page_item page-item-1671\"><a href=\"https:\/\/www.no2do.com\/synopse\/trigramme\/gen-der-berg\">Gen, der Berg<\/a><\/li>\n<\/ul>\n<\/li>\n<li class=\"page_item page-item-7669\"><a href=\"https:\/\/www.no2do.com\/synopse\/faqs-und-tipps\">H&auml;ufig gestellte Fragen und Anwendungstipps<\/a><\/li>\n\n<\/ul>\n<\/div><\/div>\n","protected":false},"excerpt":{"rendered":"<p>Nachdem wir unsere Frage an das I Ging formuliert und die Antwort des Orakels bestimmt haben, liegt uns nun die Antwort des I Ging in Form eines Hexagramms vor. Ein Hexagramm (hexa ist die griechische Vorsilbe f\u00fcr die Zahl Sechs) besteht aus sechs Linien und wird von unten nach oben aufgebaut. Gem\u00e4\u00df dem Interpretationsmodell von&hellip; <a class=\"continue\" href=\"https:\/\/www.no2do.com\/synopse\/aufbau-eines-hexagramms\">Weiterlesen:<span> Aufbau eines Hexagramms<\/span><\/a><\/p>\n","protected":false},"author":6,"featured_media":0,"parent":0,"menu_order":23,"comment_status":"closed","ping_status":"closed","template":"","meta":{"_coblocks_attr":"","_coblocks_dimensions":"","_coblocks_responsive_height":"","_coblocks_accordion_ie_support":"","footnotes":""},"class_list":["post-819","page","type-page","status-publish","hentry"],"_links":{"self":[{"href":"https:\/\/www.no2do.com\/synopse\/wp-json\/wp\/v2\/pages\/819","targetHints":{"allow":["GET"]}}],"collection":[{"href":"https:\/\/www.no2do.com\/synopse\/wp-json\/wp\/v2\/pages"}],"about":[{"href":"https:\/\/www.no2do.com\/synopse\/wp-json\/wp\/v2\/types\/page"}],"author":[{"embeddable":true,"href":"https:\/\/www.no2do.com\/synopse\/wp-json\/wp\/v2\/users\/6"}],"replies":[{"embeddable":true,"href":"https:\/\/www.no2do.com\/synopse\/wp-json\/wp\/v2\/comments?post=819"}],"version-history":[{"count":8,"href":"https:\/\/www.no2do.com\/synopse\/wp-json\/wp\/v2\/pages\/819\/revisions"}],"predecessor-version":[{"id":10651,"href":"https:\/\/www.no2do.com\/synopse\/wp-json\/wp\/v2\/pages\/819\/revisions\/10651"}],"wp:attachment":[{"href":"https:\/\/www.no2do.com\/synopse\/wp-json\/wp\/v2\/media?parent=819"}],"curies":[{"name":"wp","href":"https:\/\/api.w.org\/{rel}","templated":true}]}}