{"id":823,"date":"2011-08-03T15:14:13","date_gmt":"2011-08-03T13:14:13","guid":{"rendered":"http:\/\/www.no2do.com\/synopse\/?page_id=823"},"modified":"2025-07-07T17:38:22","modified_gmt":"2025-07-07T15:38:22","slug":"li-das-feuer","status":"publish","type":"page","link":"https:\/\/www.no2do.com\/synopse\/trigramme\/li-das-feuer","title":{"rendered":"Li, das Feuer"},"content":{"rendered":"\n<h2 class=\"wp-block-heading\">Wof&uuml;r steht <em>Li<\/em>?<\/h2>\n\n\n<div class=\"wp-block-image size-full wp-image-2819\">\n<figure class=\"alignleft\"><img loading=\"lazy\" decoding=\"async\" width=\"106\" height=\"75\" src=\"https:\/\/www.no2do.com\/synopse\/wp-content\/uploads\/2024\/09\/787.gif\" alt=\"\" class=\"wp-image-10050\"><figcaption class=\"wp-element-caption\"><a href=\"https:\/\/www.no2do.com\/synopse\/glossar\/li-das-feuer\" target=\"_self\" title='Moderne Deutung: Klares Unter&shy;schei&shy;dungs&shy;verm&ouml;gen; Reinigung, Trennung Li, das Feuer, steht f&uuml;r unsere F&auml;higkeit, Tatbest&auml;nde, Einfl&uuml;sse, Gef&uuml;hle &ndash; kurz: die F&uuml;lle der auf uns einst&uuml;rmenden Welt &ndash; zu differenzieren. Ohne diese F&auml;higkeit, das \"Klare vom Unklaren\" zu trennen, w&uuml;rden wir im Chaos dieser Vielfalt untergehen. Erst indem wir differenzieren, also unterscheiden, was wichtig und was unwichtig&hellip;' class=\"encyclopedia\">Li, das Feuer<\/a><\/figcaption><\/figure>\n<\/div>\n\n\n<p><em>Li, das Feuer<\/em>, steht f&uuml;r unsere F&auml;higkeit, Tatbest&auml;nde, Einfl&uuml;sse, Anspr&uuml;che, Gef&uuml;hle &ndash; kurz: die F&uuml;lle der auf uns einst&uuml;rmenden Welt &ndash; zu differenzieren. Ohne diese F&auml;higkeit, das <em>Klare vom Unklaren<\/em> zu trennen, w&uuml;rden wir im Chaos der Vielfalt untergehen.<\/p>\n\n\n\n<p>Aber damit wir differenzieren k&ouml;nnen, brauchen wir ein Kriterium. Ein Kriterium, nach dem wir unterscheiden, nach dem wir das, was wir als wichtig und zutr&auml;glich erachten, behalten und abgeben, was wir nicht wollen Welches Kriterium w&auml;re das? In den Klassikern der Traditionellen Chinesischen Medizin steht ein aufschlussreicher Satz: &bdquo;Was ist gut f&uuml;r mich, um die Reinheit im System zu bewahren?&ldquo;<\/p>\n\n\n\n<h3 class=\"wp-block-heading\">Mein Wohlergehen als Kriterium<\/h3>\n\n\n\n<p>Hier haben wir unser Kriterium, es lautet: <em>F&uuml;r mich<\/em>. Ich selbst und mein Wohlergehen sind das Kriterium, nach dem es zu unterscheiden gilt. Das klingt zun&auml;chst einmal gut und auch einfach, es ist bei n&auml;herer Betrachtung aber doch herausfordernd. Denn dieses Kriterium verlangt danach, dass ich mich selbst gut sp&uuml;ren kann. Dass ich benennen kann, wo <em>Ich<\/em> ende und wo <em>Du<\/em> beginnst.<\/p>\n\n\n\n<p>Wie gut kenne ich mich und meine Bed&uuml;rfnisse also? Kann ich meine Bed&uuml;rfnisse sp&uuml;ren, wenn sie auftauchen? Bin ich bereit, ihnen Raum zu geben, sie zu ihrem Recht kommen zu lassen, sie gar zu erf&uuml;llen? Nein, hier soll nicht dem Egoismus das Wort geredet werden, sondern der Selbstf&uuml;rsorge. Ungef&auml;hr so, wie bei den Sicherheitsinstruktionen im Flugzeug: Erst setzt man sich selbst die Sauerstoffmaske auf, danach unterst&uuml;tzt man die anderen Passagiere. Denn, und das ist die einfache &Uuml;berlegung hinter dieser Anweisung: Wenn es mir selbst nicht (mehr) gut geht, dann n&uuml;tze ich niemandem.<\/p>\n\n\n\n<h3 class=\"wp-block-heading\">Und unser <em>wir<\/em>? Beinhaltet dieses <em>wir<\/em> auch <em>mich<\/em>?<\/h3>\n\n\n\n<p>Diese &Uuml;berlegungen werden sehr konkret, wenn es um menschliches Miteinander, um einen gemeinsamen Weg geht. Ich muss wissen, wer <em>ich<\/em> eigentlich bin und was dieses <em>ich<\/em> braucht, um daf&uuml;r eintreten zu k&ouml;nnen. Denn wenn ich das nicht wei&szlig;, wie sollen dann gemeinsame Entscheidungen auch <em>mich<\/em> und <em>mein<\/em> Wollen beinhalten?<\/p>\n\n\n\n<p>In den Klassikern der Traditionellen Chinesischen Medizin finden wir zum <a href=\"https:\/\/www.no2do.com\/synopse\/glossar\/funktionskreis\" target=\"_self\" title=\"Meridian, Leitbahn oder Kanal, durch den nach Auffassung der traditionellen chinesischen Medizin (TCM) die Lebensenergie (Qi) flie&szlig;t. Es gibt zw&ouml;lf Hauptleitbahnen, die jeweils einem Organsystem zugeordnet sind. Auf den Meridianen selbst gibt es wiederum spezielle Punkte &uuml;ber die - z. B. durch Nadeln (Akupunktur) oder Fingerdruck (Akupressur) - Einflu&szlig; auf den Energiehaushalt genommen werden kann.&hellip;\" class=\"encyclopedia\">Funktionskreis<\/a> D&uuml;nndarm&nbsp; (siehe auch <em><a href=\"https:\/\/www.no2do.com\/synopse\/glossar\/reihenfolge-des-spaeteren-himmels\" target=\"_self\" title='Die \"Reihenfolge des sp&auml;teren Himmels\" bzw. \"Innerweltliche Ordnung nach K&ouml;nig Wen\" ist eine der vielen M&ouml;glichkeiten, die Trigramme Naturph&auml;nomenen, den Jahreszeiten, Charaktereigenschaften, Familienbeziehungen, geographischen Richtungen usw. zuzuordnen. Weiterlesen: https:\/\/en.wikipedia.org\/wiki\/Bagua#King_Wen_%22Later_Heaven%22 Bei meinen eigenen Recherchen zum I Ging ist mir allerdings aufgefallen, dass dieses System nicht vollst&auml;ndig kompatibel mit der F&uuml;nf-Elemente-Lehre ist, denn die Innerweltliche Ordnung ber&uuml;cksichtigt&hellip;' class=\"encyclopedia\">Reihenfolge des sp&auml;teren Himmels<\/a><\/em>: der <a href=\"https:\/\/www.no2do.com\/synopse\/glossar\/duenndarm\" target=\"_self\" title=\"In no2DO ist das Trigramm Li (Li, das Feuer) mit dem Funktionskreis D&uuml;nndarm (D&uuml;) assoziiert. Der D&uuml;nndarm gilt dabei als der Alchemist des Inneren, als die Instanz, die Wichtiges von Unwichtigem zu unterscheiden vermag. Dabei geht es nicht nur um Prozesse der Verdauung und Energiegewinnung, sondern gerade auch um das Kl&auml;ren von Tatbest&auml;nden, Beziehungen, Gef&uuml;hlen,&hellip;\" class=\"encyclopedia\">D&uuml;nndarm (D&uuml;)<\/a> wird mit <em>Li<\/em> assoziiert) verschiedene Beschreibungen f&uuml;r die F&auml;higkeit, zu unterscheiden und so das Gesamtsystem mit dem, was zutr&auml;glich ist, zu versorgen: <a href=\"https:\/\/www.no2do.com\/synopse\/archives\/404#duenndarm\">Wandlungsphase Feuer: D&uuml;nndarm<\/a><\/p>\n\n\n\n<h3 class=\"wp-block-heading\">Dem Weg der Wandlungen folgen: Und was will <em>ich<\/em>?<\/h3>\n\n\n\n<p>Im <a href=\"https:\/\/www.no2do.com\/synopse\/glossar\/modell\" target=\"_self\" title=\"Ein Modell ist eine Nachbildung der Wirklichkeit, nicht aber die Wirklichkeit selbst. Im Modell werden komplexen Zusammenh&auml;ngen vereinfacht und aufs Wesentliches reduziert dargestellt. Auf diese Weise lassen sich Aspekte der Wirklichkeit klarer fassen und besser verstehen als in der Realit&auml;t selbst. Modelle sind ein wichtiges Werkzeug, um komplexe Zusammenh&auml;nge zu verstehen. Mit einem Modell l&auml;sst&hellip;\" class=\"encyclopedia\">Modell<\/a> <a href=\"https:\/\/www.no2do.com\/synopse\/archives\/6259\">Dem Weg der Wandlungen folgen<\/a> repr&auml;sentiert <em>Li<\/em> einen der beiden <a href=\"https:\/\/www.no2do.com\/synopse\/glossar\/pruefpunkt\" target=\"_self\" title=\"Das Modell Dem Weg der Wandlungen folgen unterteilt die einzelnen Trigramme entsprechend ihrer qualitativen Dynamik. An den beiden Pr&uuml;fpunkten Kan, das Wasser und Li, das Feuer wechselt der Fokus abrupt, vom Selbstverh&auml;ltnis zum Weltverh&auml;ltnis bzw. umgekehrt. Pr&uuml;fpunkte sind Kipppunkte. Im dynamischen und oft unvermittelten Wechsel der Dynamik zeigt sich, wie weit die beiden Bereiche &ndash;&hellip;\" class=\"encyclopedia\">Pr&uuml;fpunkt<\/a>e. Ein Pr&uuml;fpunkt ist ein Kipppunkt, an dem eine Bewegung abrupt und dynamisch seine Richtung wechseln kann. Im Sinne des Modells wechselt der Fokus bei <em>Li<\/em> vom Weltverh&auml;ltnis zum Selbstverh&auml;ltnis: Wie gut ich mit der &auml;u&szlig;eren Welt umgehen kann, h&auml;ngt in hohem Ma&szlig;e auch davon ab, wie gut und f&uuml;rsorglich ich mich mir selbst gegen&uuml;ber verhalte.<\/p>\n\n\n\n<p>Im Sinne einer Selbsterkundung lassen sich beispielsweise folgende Fragen formulieren:<\/p>\n\n\n\n<ul class=\"wp-block-list\">\n<li>Sp&uuml;re ich mich? Wer bin ich, was macht mich aus? Was sind meine Bed&uuml;rfnisse?<\/li>\n\n\n\n<li>Wo stehe ich in dieser Angelegenheit, was brauche ich in diesem Zusammenhang? <\/li>\n\n\n\n<li>Bin ich bereit, f&uuml;r meine Belange einzutreten? Oder schrecke ich davor zur&uuml;ck, Dinge einzufordern? Was bef&uuml;rchte ich?<\/li>\n\n\n\n<li>Kann ich damit umgehen, andere in ihren Forderungen an mich einmal zu entt&auml;uschen? Welche (negativen) Konsequenzen bef&uuml;rchte ich? Welche positiven Konsequenzen k&ouml;nnte es haben, wenn ich f&uuml;r meine Bed&uuml;rfnisse eintrete?<\/li>\n<\/ul>\n\n\n\n<h3 class=\"wp-block-heading\">Woraus entwickelt sich <em>Li<\/em>?<\/h3>\n\n\n<div class=\"wp-block-image\">\n<figure class=\"alignright\"><img loading=\"lazy\" decoding=\"async\" width=\"320\" height=\"257\" src=\"https:\/\/www.no2do.com\/synopse\/wp-content\/uploads\/2024\/09\/li_entwicklung.png\" alt=\"li_entwicklung\" class=\"wp-image-2846\" srcset=\"https:\/\/www.no2do.com\/synopse\/wp-content\/uploads\/2024\/09\/li_entwicklung.png 320w, https:\/\/www.no2do.com\/synopse\/wp-content\/uploads\/2024\/09\/li_entwicklung-300x241.png 300w, https:\/\/www.no2do.com\/synopse\/wp-content\/uploads\/2024\/09\/li_entwicklung-150x120.png 150w\" sizes=\"auto, (max-width: 320px) 85vw, 320px\"><\/figure>\n<\/div>\n\n\n<p>Innerhalb eines <a href=\"https:\/\/www.no2do.com\/synopse\/glossar\/hexagramm\" target=\"_self\" title=\"Ein Hexagramm setzt sich aus jeweils zwei Trigrammen zusammen, wobei die Bewegung, &auml;hnlich dem Wachstum einer Pflanze, von unten nach oben verl&auml;uft: das Hexagramm wird von unten her aufgebaut (z. B. bei der Divination\/beim Orakel) und sp&auml;ter auch entsprechend gelesen. Weiterlesen: Aufbau eines Hexagramms Weiterlesen: &Uuml;bersichtsseite Hexagramme\" class=\"encyclopedia\">Hexagramm<\/a>s entwickelt sich <em>Li<\/em> entweder aus <em>Dui<\/em> oder aus <em>Kan<\/em> (Ausnahme: das Hexagramm beginnt mit <em>Li<\/em> \/ <em>Li<\/em> ist unteres <a href=\"https:\/\/www.no2do.com\/synopse\/glossar\/trigramm\" target=\"_self\" title=\"Die 8 Trigramme bilden die Grundlage des I Ging. Sie setzen sich aus jeweils drei durchgezogenen (Yang) bzw. durchbrochenen (Yin) Linien. Zwei Trigramme bilden ein Hexagramm, also ein Zeichen des I Ging. Die farbigen Trigramme sind mit den jeweiligen Kapiteln im I Ging Kurs verlinkt und werden dort ausf&uuml;hrlich erkl&auml;rt. Chinesischer Name Traditionelles Bild Traditionelle&hellip;\" class=\"encyclopedia\">Trigramm<\/a>). Rote Pfeile deuten an, dass den vorangegangenen Zeichen oben jeweils eine (durchgezogene) <a href=\"https:\/\/www.no2do.com\/synopse\/glossar\/yang\" target=\"_self\" title=\"Yang stand anfangs f&uuml;r die w&auml;rmere S&uuml;dseite des Berges, f&uuml;r ein sonniges Flussufer, sp&auml;ter auch f&uuml;r den Berg als Ganzes. Sp&auml;ter bezeichnete Yang alles Lichte und Helle einschlie&szlig;lich Tag, Sommer und Sonne. Entsprechend wurde Trockenes, Luft (Wind) und Feuer Yang zugeordnet, ebenso zunehmend warme Fr&uuml;hlingstage, das Aufbl&uuml;hen und der Belebung der Natur in der warmen&hellip;\" class=\"encyclopedia\">Yang<\/a>-Linie hinzugef&uuml;gt wird. Yang steht f&uuml;r Tatkraft, f&uuml;r Aktivit&auml;t. Wenn wir die Vielfalt unterscheiden, und zwischen &bdquo;Klarem und Unklarem&ldquo; differenzieren, ist dies ein aktiver, willentlicher Prozess.<\/p>\n\n\n\n<h4 class=\"wp-block-heading\"><em>Li<\/em> entwickelt sich aus <em>Dui<\/em>, der See<\/h4>\n\n\n\n<p><em><a href=\"https:\/\/www.no2do.com\/synopse\/glossar\/dui-der-see\" target=\"_self\" title=\"Moderne Deutung: &Ouml;ffnung, Ber&uuml;hrung, Zulassen; Demut; verbunden sein, inspiriert sein; Individuation; Rhythmus Dui l&auml;sst uns die Grenzen unseres Selbst auf zweierlei Weise &uuml;berschreiten. Zum einen, indem wir uns dem Au&szlig;en, unserer Umwelt &ouml;ffnen, uns inspirieren lassen und schlie&szlig;lich das, was uns auf diese Weise begegnet, annehmen und integrieren. Zum anderen indem wir unser Inneres nach&hellip;\" class=\"encyclopedia\">Dui, der See<\/a><\/em> steht f&uuml;r Aufnehmen und Abgeben, f&uuml;r die &Ouml;ffnung unserer eigenen Grenzen. Doch indem wir uns der F&uuml;lle der Welt &ouml;ffnen, riskieren wir auch, dass sie uns hinweggefegt. <em>Li<\/em> unterst&uuml;tzt uns dabei, bei uns zu bleiben und dadurch in unserem Umgang mit der Welt klar zu sein. Denn <em>Li<\/em> gibt uns ein Unterscheidungskriterium an die Hand: uns selbst. So k&ouml;nnen wir erkennen, was wichtig ist und bleiben handlungsf&auml;hig.<\/p>\n\n\n\n<p>Beispiele f&uuml;r Hexagramme, bei denen sich&nbsp; <em>Li<\/em> aus <em>Dui<\/em> heraus entwickelt, finden Sie <a href=\"https:\/\/www.no2do.com\/synopse\/archives\/tag\/dui-li\">&rarr; hier<\/a>.<\/p>\n\n\n\n<h4 class=\"wp-block-heading\"><em>Li <\/em>entwickelt sich aus <em>Kan<\/em>, das Wasser<\/h4>\n\n\n\n<p><em><a href=\"https:\/\/www.no2do.com\/synopse\/glossar\/kan-das-wasser\" target=\"_self\" title=\"Moderne Deutung: Urvertrauen; Intuition; anzestrale Energie Kan steht f&uuml;r unser Urvertrauen und unsere unbewussten Ressourcen. Dieser Urgrund ist ein Destillat eigener &ndash; und manchmal fremder &ndash; Erfahrungen und Informationen, die meist jenseits unseres Tagesbewusstseins liegen. Aus Kan dringen Impulse und Inspirationen zu uns, die uns zu Entscheidungen f&uuml;hren und Handlungen initiieren k&ouml;nnen. Folgen wir diesem&hellip;\" class=\"encyclopedia\">Kan, das Wasser<\/a><\/em>, steht f&uuml;r unseren Urgrund, den wesentlichen, stabilen und Generationen &uuml;berdauernden Aspekt unseres individuellen Daseins. Hier residiert unser Urvertrauen &ndash; aber auch unsere Urangst. <em>Li<\/em> &uuml;berf&uuml;hrt diesen Urgrund in die Realit&auml;t unserer Lebenswirklichkeit. Manchmal sind Bauchgef&uuml;hle eine Chance. Manchmal ein Hemmschuh.<\/p>\n\n\n\n<p>Beispiele f&uuml;r Hexagramme, bei denen sich&nbsp;<em>Li<\/em> aus <em>Kan<\/em> heraus entwickelt, finden Sie <a href=\"https:\/\/www.no2do.com\/synopse\/archives\/tag\/kan-li\">&rarr; hier<\/a>.<\/p>\n\n\n\n<h3 class=\"wp-block-heading\">Wohin entwickelt sich <em>Li<\/em>?<\/h3>\n\n\n<div class=\"wp-block-image\">\n<figure class=\"alignright\"><img loading=\"lazy\" decoding=\"async\" width=\"300\" height=\"241\" src=\"https:\/\/www.no2do.com\/synopse\/wp-content\/uploads\/2024\/09\/li_entwicklung-300x241.png\" alt=\"li_entwicklung\" class=\"wp-image-2846\" srcset=\"https:\/\/www.no2do.com\/synopse\/wp-content\/uploads\/2024\/09\/li_entwicklung-300x241.png 300w, https:\/\/www.no2do.com\/synopse\/wp-content\/uploads\/2024\/09\/li_entwicklung-150x120.png 150w, https:\/\/www.no2do.com\/synopse\/wp-content\/uploads\/2024\/09\/li_entwicklung.png 320w\" sizes=\"auto, (max-width: 300px) 85vw, 300px\"><\/figure>\n<\/div>\n\n\n<p>Innerhalb eines Trigramms entwickelt sich <em>Li<\/em> entweder zu <em>Sun<\/em> oder zu <em>Kan<\/em> (Ausnahme: das Hexagramm endet mit <em>Li<\/em> \/ <em>Li<\/em> ist oberes Trigramm).<\/p>\n\n\n\n<h4 class=\"wp-block-heading\"><em>Li<\/em> entwickelt sich zu <em>Kan<\/em>, das Wasser<\/h4>\n\n\n\n<p><em>Kan, das Wasser<\/em> entsteht, indem oben eine (durchbrochene) <a href=\"https:\/\/www.no2do.com\/synopse\/glossar\/yin\" target=\"_self\" title=\"Yin bezeichnete urspr&uuml;nglich die k&auml;ltere Nordseite eines Berges und das beschattete Flussufer bzw. die dunklere, k&uuml;hlere S&uuml;dseite eines Tales. Sp&auml;ter verband man mit Yin die Vorstellung von Tagen mit k&uuml;hlem Wetter und bedecktem Himmel, mit Schatten und allem Dunklen, mit K&uuml;hle und Feuchte, Wasser und Erde, Nacht und Winter. Yin entsprechen die winterlichen Qualit&auml;ten, das&hellip;\" class=\"encyclopedia\">Yin<\/a>-Linie angef&uuml;gt wird (dunkler Pfeil; Yin symbolisiert Empf&auml;nglichkeit). Unsere F&auml;higkeit zu differenzieren (<em>Li<\/em>), gibt uns ein Gef&uuml;hl der Ruhe. Wenn pl&ouml;tzlich Bauchgef&uuml;hle, Vorahnungen, Intuition im Raum stehen, k&ouml;nnen wir gelassen nachfragen: Woher kommen sie? Was bedeuten sie? Wie ist eigentlich dieses <em>Ich<\/em> beschaffen, das ich da sp&uuml;re?<\/p>\n\n\n\n<p>Beispiele f&uuml;r Hexagramme, bei denen sich <em>Li<\/em> zu <em>Kan<\/em> entwickelt, finden Sie <a href=\"https:\/\/www.no2do.com\/synopse\/archives\/tag\/li-kan\">&rarr; hier<\/a>.<\/p>\n\n\n\n<h4 class=\"wp-block-heading\"><em>Li<\/em> entwickelt sich zu <em>Sun<\/em>, der Wind \/ Baum<\/h4>\n\n\n\n<p><em><a href=\"https:\/\/www.no2do.com\/synopse\/glossar\/sun-der-wind\" target=\"_self\" title=\"Moderne Deutung: Durchsetzungskraft; Denken, Planen, Handeln; geistige F&auml;higkeiten; Einsicht Sun (der Wind \/ Baum) steht f&uuml;r lebendiges, vorw&auml;rtsdr&auml;ngendes Wachstum aus unserem Inneren heraus. Wie das Ergr&uuml;nen der Landschaft im Fr&uuml;hling: sich selbst vertrauend, kraftvoll, ohne Z&ouml;gern und Zweifeln. Strategisch, unerbittlich, unaufhaltsam. Wie der Wind, der durch jede Ritze, in jeden Winkel dringt. Wandlungsphase (Element): Holz&hellip;\" class=\"encyclopedia\">Sun, der Wind \/ Baum<\/a><\/em>, entsteht, indem oben eine (durchgezogene) Yang-Linie angef&uuml;gt wird (roter Pfeil; Yang symbolisiert Tatkraft, Aktivit&auml;t). Sobald wir Klarheit (<em>Li<\/em>) dar&uuml;ber haben, worin genau unsere Position besteht und was wir erreichen wollen, k&ouml;nnen wir aufbrechen (<em>Sun, der Wind \/ Baum<\/em>). Um von hier aus &ndash; auch gegen m&ouml;gliche Widerst&auml;nde &ndash; ruhig und &uuml;berlegt genau dieses Ziel zu erreichen.<\/p>\n\n\n\n<p>Beispiele f&uuml;r Hexagramme, bei denen sich <em>Li<\/em> zu <em>Sun<\/em> entwickelt, finden Sie <a href=\"https:\/\/www.no2do.com\/synopse\/archives\/tag\/li-sun\">&rarr; hier<\/a>.<\/p>\n\n\n\n<div class=\"wp-block-group ergaenzungen\"><div class=\"wp-block-group__inner-container is-layout-constrained wp-block-group-is-layout-constrained\">\n<h2 class=\"wp-block-heading\">Referenz<\/h2>\n\n\n\n<p>Wandlungsphase (Element): <a href=\"https:\/\/www.no2do.com\/synopse\/archives\/404\">Feuer<\/a><br>Funktionskreis: <a href=\"https:\/\/www.no2do.com\/synopse\/archives\/404#duenndarm\">D&uuml;nndarm (D&uuml;)<\/a><\/p>\n\n\n\n<h2 class=\"wp-block-heading\">Moderne Deutung<\/h2>\n\n\n\n<p>Klares Unterscheidungsverm&ouml;gen; Reinigung, Trennung<\/p>\n\n\n\n<h2 class=\"wp-block-heading\">Traditionelle Deutung<\/h2>\n\n\n\n<p>Haftend, leuchtend, hell; Umsicht<br>Richtung: nach oben<br>Interpretation: Das klares Schauen bringt innere Ruhe inmitten der Bewegung; eventuell wird aber nur der &auml;u&szlig;ere Schein erkannt, die Dinge werden nicht durchleuchtet<\/p>\n\n\n\n<h2 class=\"wp-block-heading\">Weiterlesen<\/h2>\n\n\n\n<!-- Page-list plugin v.5.9 wordpress.org\/plugins\/page-list\/ -->\n<ul class=\"page-list \">\n<li class=\"page_item page-item-925\"><a href=\"https:\/\/www.no2do.com\/synopse\/i-ging-kurs-kursinhalt\">I Ging Kurs &ndash; Vorwort<\/a><\/li>\n<li class=\"page_item page-item-7179 page_item_has_children\"><a href=\"https:\/\/www.no2do.com\/synopse\/hintergruende\">THEORIE: Historisches, Begriffskl&auml;rung, Zielsetzung<\/a>\n<ul class=\"children\">\n\t<li class=\"page_item page-item-7150\"><a href=\"https:\/\/www.no2do.com\/synopse\/hintergruende\/von-den-orakelknochen-zum-yijing\">Von den Orakelknochen zum I Ging: Historisches<\/a><\/li>\n\t<li class=\"page_item page-item-7186\"><a href=\"https:\/\/www.no2do.com\/synopse\/hintergruende\/orakelsystem-kosmologie\">I Ging: Orakelsystem oder Kosmologie?<\/a><\/li>\n\t<li class=\"page_item page-item-7314\"><a href=\"https:\/\/www.no2do.com\/synopse\/hintergruende\/i-ging-alles-zufall\">I Ging: Alles Zufall?<\/a><\/li>\n\t<li class=\"page_item page-item-7351\"><a href=\"https:\/\/www.no2do.com\/synopse\/hintergruende\/i-ging-unverstaendliche-antworten\">I Ging: Die unverst&auml;ndlichen Antworten des Textus receptus<\/a><\/li>\n\t<li class=\"page_item page-item-7479\"><a href=\"https:\/\/www.no2do.com\/synopse\/hintergruende\/ein-alternativer-deutungstext\">I Ging: Ein alternativer Deutungstext, der die Vielfalt begr&uuml;&szlig;t<\/a><\/li>\n<\/ul>\n<\/li>\n<li class=\"page_item page-item-817\"><a href=\"https:\/\/www.no2do.com\/synopse\/das-i-ging-befragen\">PRAXIS: Das I Ging befragen<\/a><\/li>\n<li class=\"page_item page-item-819\"><a href=\"https:\/\/www.no2do.com\/synopse\/aufbau-eines-hexagramms\">Aufbau eines Hexagramms<\/a><\/li>\n<li class=\"page_item page-item-821 page_item_has_children\"><a href=\"https:\/\/www.no2do.com\/synopse\/trigramme\">Bedeutung der Trigramme<\/a>\n<ul class=\"children\">\n\t<li class=\"page_item page-item-1693\"><a href=\"https:\/\/www.no2do.com\/synopse\/trigramme\/kun-die-erde\">Kun, die Erde<\/a><\/li>\n\t<li class=\"page_item page-item-1679\"><a href=\"https:\/\/www.no2do.com\/synopse\/trigramme\/dui-der-see\">Dui, der See<\/a><\/li>\n\t<li class=\"page_item page-item-823\"><a href=\"https:\/\/www.no2do.com\/synopse\/trigramme\/li-das-feuer\">Li, das Feuer<\/a><\/li>\n\t<li class=\"page_item page-item-1688\"><a href=\"https:\/\/www.no2do.com\/synopse\/trigramme\/sun-der-wind-baum\">Sun, der Wind \/ Baum<\/a><\/li>\n\t<li class=\"page_item page-item-1694\"><a href=\"https:\/\/www.no2do.com\/synopse\/trigramme\/qian-der-himmel\">Qian, der Himmel<\/a><\/li>\n\t<li class=\"page_item page-item-1045\"><a href=\"https:\/\/www.no2do.com\/synopse\/trigramme\/zhen-der-donner\">Zhen, der Donner<\/a><\/li>\n\t<li class=\"page_item page-item-825\"><a href=\"https:\/\/www.no2do.com\/synopse\/trigramme\/kan-das-wasser\">Kan, das Wasser<\/a><\/li>\n\t<li class=\"page_item page-item-1671\"><a href=\"https:\/\/www.no2do.com\/synopse\/trigramme\/gen-der-berg\">Gen, der Berg<\/a><\/li>\n<\/ul>\n<\/li>\n<li class=\"page_item page-item-7669\"><a href=\"https:\/\/www.no2do.com\/synopse\/faqs-und-tipps\">H&auml;ufig gestellte Fragen und Anwendungstipps<\/a><\/li>\n\n<\/ul>\n<\/div><\/div>\n","protected":false},"excerpt":{"rendered":"<p>Wof\u00fcr steht Li? Li, das Feuer, steht f\u00fcr unsere F\u00e4higkeit, Tatbest\u00e4nde, Einfl\u00fcsse, Anspr\u00fcche, Gef\u00fchle \u2013 kurz: die F\u00fclle der auf uns einst\u00fcrmenden Welt \u2013 zu differenzieren. Ohne diese F\u00e4higkeit, das Klare vom Unklaren zu trennen, w\u00fcrden wir im Chaos der Vielfalt untergehen. Aber damit wir differenzieren k\u00f6nnen, brauchen wir ein Kriterium. Ein Kriterium, nach dem&hellip; <a class=\"continue\" href=\"https:\/\/www.no2do.com\/synopse\/trigramme\/li-das-feuer\">Weiterlesen:<span> Li, das Feuer<\/span><\/a><\/p>\n","protected":false},"author":6,"featured_media":0,"parent":821,"menu_order":13,"comment_status":"closed","ping_status":"closed","template":"","meta":{"_coblocks_attr":"","_coblocks_dimensions":"","_coblocks_responsive_height":"","_coblocks_accordion_ie_support":"","footnotes":""},"class_list":["post-823","page","type-page","status-publish","hentry"],"_links":{"self":[{"href":"https:\/\/www.no2do.com\/synopse\/wp-json\/wp\/v2\/pages\/823","targetHints":{"allow":["GET"]}}],"collection":[{"href":"https:\/\/www.no2do.com\/synopse\/wp-json\/wp\/v2\/pages"}],"about":[{"href":"https:\/\/www.no2do.com\/synopse\/wp-json\/wp\/v2\/types\/page"}],"author":[{"embeddable":true,"href":"https:\/\/www.no2do.com\/synopse\/wp-json\/wp\/v2\/users\/6"}],"replies":[{"embeddable":true,"href":"https:\/\/www.no2do.com\/synopse\/wp-json\/wp\/v2\/comments?post=823"}],"version-history":[{"count":2,"href":"https:\/\/www.no2do.com\/synopse\/wp-json\/wp\/v2\/pages\/823\/revisions"}],"predecessor-version":[{"id":10641,"href":"https:\/\/www.no2do.com\/synopse\/wp-json\/wp\/v2\/pages\/823\/revisions\/10641"}],"up":[{"embeddable":true,"href":"https:\/\/www.no2do.com\/synopse\/wp-json\/wp\/v2\/pages\/821"}],"wp:attachment":[{"href":"https:\/\/www.no2do.com\/synopse\/wp-json\/wp\/v2\/media?parent=823"}],"curies":[{"name":"wp","href":"https:\/\/api.w.org\/{rel}","templated":true}]}}